{"id":1347,"date":"2025-11-27T22:22:48","date_gmt":"2025-11-27T22:22:48","guid":{"rendered":"https:\/\/mze-engenharia.com\/?page_id=1347"},"modified":"2025-12-14T13:06:56","modified_gmt":"2025-12-14T13:06:56","slug":"quem-somos","status":"publish","type":"page","link":"https:\/\/mze-engenharia.com\/en\/quem-somos\/","title":{"rendered":"Who We Are"},"content":{"rendered":"\t\t<div data-elementor-type=\"wp-page\" data-elementor-id=\"1347\" class=\"elementor elementor-1347\" data-elementor-post-type=\"page\">\n\t\t\t\t<div data-particle_enable=\"false\" data-particle-mobile-disabled=\"false\" class=\"elementor-element elementor-element-959fda7 e-flex e-con-boxed e-con e-parent\" data-id=\"959fda7\" data-element_type=\"container\" data-e-type=\"container\" data-settings=\"{&quot;background_background&quot;:&quot;classic&quot;}\">\n\t\t\t\t\t<div class=\"e-con-inner\">\n\t\t<div data-particle_enable=\"false\" data-particle-mobile-disabled=\"false\" class=\"elementor-element elementor-element-ad2c424 e-con-full e-flex e-con e-child\" data-id=\"ad2c424\" data-element_type=\"container\" data-e-type=\"container\">\n\t\t\t\t<div class=\"elementor-element elementor-element-ba08db4 elementor-widget__width-initial elementor-widget elementor-widget-image\" data-id=\"ba08db4\" data-element_type=\"widget\" data-e-type=\"widget\" data-widget_type=\"image.default\">\n\t\t\t\t\t\t\t\t\t\t\t\t\t\t\t<img fetchpriority=\"high\" decoding=\"async\" width=\"800\" height=\"801\" src=\"https:\/\/mze-engenharia.com\/wp-content\/uploads\/2025\/12\/279748991_ab3821db-7dab-4844-9702-ade220d5c787.webp\" class=\"attachment-large size-large wp-image-1454\" alt=\"\" srcset=\"https:\/\/mze-engenharia.com\/wp-content\/uploads\/2025\/12\/279748991_ab3821db-7dab-4844-9702-ade220d5c787.webp 1023w, https:\/\/mze-engenharia.com\/wp-content\/uploads\/2025\/12\/279748991_ab3821db-7dab-4844-9702-ade220d5c787-300x300.webp 300w, https:\/\/mze-engenharia.com\/wp-content\/uploads\/2025\/12\/279748991_ab3821db-7dab-4844-9702-ade220d5c787-150x150.webp 150w, https:\/\/mze-engenharia.com\/wp-content\/uploads\/2025\/12\/279748991_ab3821db-7dab-4844-9702-ade220d5c787-768x769.webp 768w\" sizes=\"(max-width: 800px) 100vw, 800px\" \/>\t\t\t\t\t\t\t\t\t\t\t\t\t\t\t<\/div>\n\t\t\t\t<\/div>\n\t\t<div data-particle_enable=\"false\" data-particle-mobile-disabled=\"false\" class=\"elementor-element elementor-element-9438cc8 e-con-full e-flex e-con e-child\" data-id=\"9438cc8\" data-element_type=\"container\" data-e-type=\"container\">\n\t\t<div data-particle_enable=\"false\" data-particle-mobile-disabled=\"false\" class=\"elementor-element elementor-element-5edc5cb e-con-full e-flex e-con e-child\" data-id=\"5edc5cb\" data-element_type=\"container\" data-e-type=\"container\">\n\t\t\t\t<div class=\"elementor-element elementor-element-c0c15a1 elementor-widget elementor-widget-heading\" data-id=\"c0c15a1\" data-element_type=\"widget\" data-e-type=\"widget\" data-widget_type=\"heading.default\">\n\t\t\t\t\t<h2 class=\"elementor-heading-title elementor-size-default\">QUEM SOMOS<\/h2>\t\t\t\t<\/div>\n\t\t\t\t<div class=\"elementor-element elementor-element-88b7622 elementor-widget elementor-widget-text-editor\" data-id=\"88b7622\" data-element_type=\"widget\" data-e-type=\"widget\" data-widget_type=\"text-editor.default\">\n\t\t\t\t\t\t\t\t\t<p>A <strong>MZE Engenharia<\/strong> \u00e9 uma empresa dedicada a oferecer <strong>Servi\u00e7os de Engenharia Consultiva de Excel\u00eancia,<\/strong> sempre guiada pelo compromisso de entregar cada projeto com <strong>qualidade superior, no prazo e dentro dos custos previstos.<\/strong> Reconhecida pela compet\u00eancia t\u00e9cnica e pelo alto valor que agrega aos seus clientes, a MZE atua com foco em solu\u00e7\u00f5es inovadoras e sustent\u00e1veis nas \u00e1reas de Hidr\u00e1ulica Urbana (abastecimento de \u00e1gua, esgotamento sanit\u00e1rio e drenagem pluvial), <strong>Obras H\u00eddricas e Sistemas Adutores, Regulariza\u00e7\u00e3o Fluvial e Energia.<\/strong><\/p>\t\t\t\t\t\t\t\t<\/div>\n\t\t\t\t<\/div>\n\t\t\t\t<\/div>\n\t\t\t\t\t<\/div>\n\t\t\t\t<\/div>\n\t\t<div data-particle_enable=\"false\" data-particle-mobile-disabled=\"false\" class=\"elementor-element elementor-element-96fbc2e e-flex e-con-boxed e-con e-parent\" data-id=\"96fbc2e\" data-element_type=\"container\" data-e-type=\"container\" data-settings=\"{&quot;background_background&quot;:&quot;classic&quot;}\">\n\t\t\t\t\t<div class=\"e-con-inner\">\n\t\t<div data-particle_enable=\"false\" data-particle-mobile-disabled=\"false\" class=\"elementor-element elementor-element-f9c9773 e-con-full eael_liquid_glass-effect2 eael_liquid_glass_shadow-effect4 e-flex e-con e-child\" data-id=\"f9c9773\" data-element_type=\"container\" data-e-type=\"container\">\n\t\t\t\t<div class=\"elementor-element elementor-element-ad2b3b6 srec elementor-widget elementor-widget-text-editor\" data-id=\"ad2b3b6\" data-element_type=\"widget\" data-e-type=\"widget\" data-widget_type=\"text-editor.default\">\n\t\t\t\t\t\t\t\t\t<p>Vocacionada para os mercados Lus\u00f3fonos, a MZE se destaca pela capacidade de superar expectativas e construir <strong>parcerias duradouras,<\/strong> refor\u00e7ando sua reputa\u00e7\u00e3o de empresa <strong>t\u00e9cnica, confi\u00e1vel e altamente qualificada.<\/strong><\/p>\t\t\t\t\t\t\t\t<\/div>\n\t\t\t\t<\/div>\n\t\t        \n        <svg style=\"display: none\">\n            <style>\n                [data-id=\"f9c9773\"].eael_liquid_glass-effect4::before {\n                    filter: url(#eael-glass-distortion4-f9c9773);\n                }\n                [data-id=\"f9c9773\"].eael_liquid_glass-effect5::before {\n                    filter: url(#eael-glass-distortion5-f9c9773);\n                }\n                [data-id=\"f9c9773\"].eael_liquid_glass-effect6::before {\n                    filter: url(#eael-glass-distortion6-f9c9773);\n                }\n            <\/style>\n            \n\t\t\t<filter id=\"eael-glass-distortion4-f9c9773\" x=\"0%\" y=\"0%\" width=\"100%\" height=\"100%\">\n                <feTurbulence type=\"fractalNoise\" baseFrequency=\"0.008 0.008\" numOctaves=\"2\" seed=\"92\" result=\"noise\" \/>\n                <feGaussianBlur in=\"noise\" stdDeviation=\"0.02\" result=\"blur\" \/>\n                <feDisplacementMap in=\"SourceGraphic\" in2=\"blur\" scale=\"77\" xChannelSelector=\"R\" yChannelSelector=\"G\" \/>\n            <\/filter>\n            \n            <filter id=\"eael-glass-distortion5-f9c9773\" x=\"0%\" y=\"0%\" width=\"100%\" height=\"100%\">\n                <feTurbulence type=\"fractalNoise\" baseFrequency=\"1.008 1.008\" numOctaves=\"1\" seed=\"9000\" result=\"noise\" \/>\n                <feGaussianBlur in=\"noise\" stdDeviation=\"0.1\" result=\"blurred\" \/>\n                <feDisplacementMap in=\"SourceGraphic\" in2=\"blurred\" scale=\"77\" xChannelSelector=\"R\" yChannelSelector=\"G\" \/>\n            <\/filter>\n\n            <filter id=\"eael-glass-distortion6-f9c9773\">\n                <feTurbulence type=\"turbulence\" baseFrequency=\"0.02\" numOctaves=\"3\" result=\"turbulence\"\/>\n                <feDisplacementMap in2=\"turbulence\" in=\"SourceGraphic\" scale=\"30\" xChannelSelector=\"R\" yChannelSelector=\"G\"\/>\n            <\/filter>\n\t\t\t\n        <\/svg>\n        \t\t\t<\/div>\n\t\t\t\t<\/div>\n\t\t<div data-particle_enable=\"false\" data-particle-mobile-disabled=\"false\" class=\"elementor-element elementor-element-d1c79d5 e-flex e-con-boxed e-con e-parent\" data-id=\"d1c79d5\" data-element_type=\"container\" data-e-type=\"container\" data-settings=\"{&quot;background_background&quot;:&quot;classic&quot;}\">\n\t\t\t\t\t<div class=\"e-con-inner\">\n\t\t<div data-particle_enable=\"false\" data-particle-mobile-disabled=\"false\" class=\"elementor-element elementor-element-8341560 e-con-full elementor-hidden-tablet elementor-hidden-mobile e-flex e-con e-child\" data-id=\"8341560\" data-element_type=\"container\" data-e-type=\"container\">\n\t\t\t\t<div class=\"elementor-element elementor-element-7ecc8f2 elementor-widget__width-initial elementor-widget elementor-widget-image\" data-id=\"7ecc8f2\" data-element_type=\"widget\" data-e-type=\"widget\" data-widget_type=\"image.default\">\n\t\t\t\t\t\t\t\t\t\t\t\t\t\t\t<img decoding=\"async\" width=\"800\" height=\"786\" src=\"https:\/\/mze-engenharia.com\/wp-content\/uploads\/2025\/11\/Foto-da-parceria-mze-e-coba-group-e1764335840133.webp\" class=\"attachment-large size-large wp-image-1355\" alt=\"\" srcset=\"https:\/\/mze-engenharia.com\/wp-content\/uploads\/2025\/11\/Foto-da-parceria-mze-e-coba-group-e1764335840133.webp 930w, https:\/\/mze-engenharia.com\/wp-content\/uploads\/2025\/11\/Foto-da-parceria-mze-e-coba-group-e1764335840133-300x295.webp 300w, https:\/\/mze-engenharia.com\/wp-content\/uploads\/2025\/11\/Foto-da-parceria-mze-e-coba-group-e1764335840133-768x755.webp 768w\" sizes=\"(max-width: 800px) 100vw, 800px\" \/>\t\t\t\t\t\t\t\t\t\t\t\t\t\t\t<\/div>\n\t\t\t\t<\/div>\n\t\t<div data-particle_enable=\"false\" data-particle-mobile-disabled=\"false\" class=\"elementor-element elementor-element-cf4ac93 e-con-full e-flex e-con e-child\" data-id=\"cf4ac93\" data-element_type=\"container\" data-e-type=\"container\">\n\t\t<div data-particle_enable=\"false\" data-particle-mobile-disabled=\"false\" class=\"elementor-element elementor-element-fcc0796 e-con-full e-flex e-con e-child\" data-id=\"fcc0796\" data-element_type=\"container\" data-e-type=\"container\">\n\t\t\t\t<div class=\"elementor-element elementor-element-cb1da5f elementor-widget elementor-widget-heading\" data-id=\"cb1da5f\" data-element_type=\"widget\" data-e-type=\"widget\" data-widget_type=\"heading.default\">\n\t\t\t\t\t<h2 class=\"elementor-heading-title elementor-size-default\">investida pelo Grupo COBA<\/h2>\t\t\t\t<\/div>\n\t\t\t\t<div class=\"elementor-element elementor-element-bae0e61 elementor-widget__width-initial elementor-hidden-widescreen elementor-hidden-desktop elementor-widget elementor-widget-image\" data-id=\"bae0e61\" data-element_type=\"widget\" data-e-type=\"widget\" data-widget_type=\"image.default\">\n\t\t\t\t\t\t\t\t\t\t\t\t\t\t\t<img decoding=\"async\" width=\"800\" height=\"786\" src=\"https:\/\/mze-engenharia.com\/wp-content\/uploads\/2025\/11\/Foto-da-parceria-mze-e-coba-group-e1764335840133.webp\" class=\"attachment-large size-large wp-image-1355\" alt=\"\" srcset=\"https:\/\/mze-engenharia.com\/wp-content\/uploads\/2025\/11\/Foto-da-parceria-mze-e-coba-group-e1764335840133.webp 930w, https:\/\/mze-engenharia.com\/wp-content\/uploads\/2025\/11\/Foto-da-parceria-mze-e-coba-group-e1764335840133-300x295.webp 300w, https:\/\/mze-engenharia.com\/wp-content\/uploads\/2025\/11\/Foto-da-parceria-mze-e-coba-group-e1764335840133-768x755.webp 768w\" sizes=\"(max-width: 800px) 100vw, 800px\" \/>\t\t\t\t\t\t\t\t\t\t\t\t\t\t\t<\/div>\n\t\t\t\t<div class=\"elementor-element elementor-element-42f3ace elementor-widget elementor-widget-text-editor\" data-id=\"42f3ace\" data-element_type=\"widget\" data-e-type=\"widget\" data-widget_type=\"text-editor.default\">\n\t\t\t\t\t\t\t\t\t<p>Em um movimento estrat\u00e9gico que refor\u00e7a nossa presen\u00e7a internacional, a <strong>MZE Engenharia<\/strong> passou a ser uma empresa investida pelo <strong>Grupo COBA<\/strong>, que recentemente adquiriu participa\u00e7\u00e3o no quadro societ\u00e1rio da empresa.<\/p><p>Este passo marca o retorno da COBA ao Brasil e <strong>expande a for\u00e7a conjunta em \u00e1reas cr\u00edticas como \u00e1gua e energia,<\/strong> unindo nossa capacidade de execu\u00e7\u00e3o local \u00e0 experi\u00eancia global do grupo.<\/p><p>A parceria MZE + COBA amplia horizontes, fortalece compet\u00eancias e impulsiona a inova\u00e7\u00e3o, com impacto direto na qualidade dos projetos e no desenvolvimento das comunidades onde atuamos.<\/p>\t\t\t\t\t\t\t\t<\/div>\n\t\t\t\t<\/div>\n\t\t\t\t<\/div>\n\t\t\t\t\t<\/div>\n\t\t\t\t<\/div>\n\t\t<div data-particle_enable=\"false\" data-particle-mobile-disabled=\"false\" class=\"elementor-element elementor-element-7ff3e46 e-flex e-con-boxed e-con e-parent\" data-id=\"7ff3e46\" data-element_type=\"container\" data-e-type=\"container\" data-settings=\"{&quot;background_background&quot;:&quot;classic&quot;}\">\n\t\t\t\t\t<div class=\"e-con-inner\">\n\t\t<div data-particle_enable=\"false\" data-particle-mobile-disabled=\"false\" class=\"elementor-element elementor-element-3be5cb7 e-con-full e-flex e-con e-child\" data-id=\"3be5cb7\" data-element_type=\"container\" data-e-type=\"container\">\n\t\t\t\t<div class=\"elementor-element elementor-element-494c63a elementor-widget elementor-widget-text-editor\" data-id=\"494c63a\" data-element_type=\"widget\" data-e-type=\"widget\" data-widget_type=\"text-editor.default\">\n\t\t\t\t\t\t\t\t\t<p>Na MZE Engenharia investimos continuamente na nossa equipe e em novas tecnologias, mantendo o compromisso com<strong> pr\u00e1ticas \u00e9ticas, responsabilidade socioambiental<\/strong> e com o trabalho dedicado, competente e persistente \u2014 valores que guiam cada passo do nosso crescimento.<\/p>\t\t\t\t\t\t\t\t<\/div>\n\t\t\t\t<div class=\"elementor-element elementor-element-4db9b02 btn-swipe elementor-align-justify elementor-widget__width-initial elementor-widget elementor-widget-button\" data-id=\"4db9b02\" data-element_type=\"widget\" data-e-type=\"widget\" data-widget_type=\"button.default\">\n\t\t\t\t\t\t\t\t\t\t<a class=\"elementor-button elementor-button-link elementor-size-sm\" href=\"https:\/\/mze-engenharia.com\/contato\/\">\n\t\t\t\t\t\t<span class=\"elementor-button-content-wrapper\">\n\t\t\t\t\t\t\t\t\t<span class=\"elementor-button-text\">ENTRE EM CONTATO<\/span>\n\t\t\t\t\t<\/span>\n\t\t\t\t\t<\/a>\n\t\t\t\t\t\t\t\t<\/div>\n\t\t\t\t<\/div>\n\t\t<div data-particle_enable=\"false\" data-particle-mobile-disabled=\"false\" class=\"elementor-element elementor-element-6f86177 e-con-full e-flex e-con e-child\" data-id=\"6f86177\" data-element_type=\"container\" data-e-type=\"container\">\n\t\t\t\t<div class=\"elementor-element elementor-element-efe34bf elementor-widget__width-initial elementor-widget elementor-widget-image\" data-id=\"efe34bf\" data-element_type=\"widget\" data-e-type=\"widget\" data-widget_type=\"image.default\">\n\t\t\t\t\t\t\t\t\t\t\t\t\t\t\t<img decoding=\"async\" width=\"764\" height=\"904\" src=\"https:\/\/mze-engenharia.com\/wp-content\/uploads\/2025\/11\/foto-engenheiro-de-engenharia-consultiva.webp\" class=\"attachment-large size-large wp-image-1407\" alt=\"\" srcset=\"https:\/\/mze-engenharia.com\/wp-content\/uploads\/2025\/11\/foto-engenheiro-de-engenharia-consultiva.webp 764w, https:\/\/mze-engenharia.com\/wp-content\/uploads\/2025\/11\/foto-engenheiro-de-engenharia-consultiva-254x300.webp 254w\" sizes=\"(max-width: 764px) 100vw, 764px\" \/>\t\t\t\t\t\t\t\t\t\t\t\t\t\t\t<\/div>\n\t\t\t\t<\/div>\n\t\t\t\t\t<\/div>\n\t\t\t\t<\/div>\n\t\t\t\t<\/div>\n\t\t","protected":false},"excerpt":{"rendered":"<p>QUEM SOMOS A MZE Engenharia \u00e9 uma empresa dedicada a oferecer Servi\u00e7os de Engenharia Consultiva de Excel\u00eancia, sempre guiada pelo compromisso de entregar cada projeto com qualidade superior, no prazo e dentro dos custos previstos. Reconhecida pela compet\u00eancia t\u00e9cnica e pelo alto valor que agrega aos seus clientes, a MZE atua com foco em solu\u00e7\u00f5es [&hellip;]<\/p>\n","protected":false},"author":1,"featured_media":0,"parent":0,"menu_order":0,"comment_status":"closed","ping_status":"closed","template":"","meta":{"footnotes":""},"class_list":["post-1347","page","type-page","status-publish","hentry"],"yoast_head":"<!-- This site is optimized with the Yoast SEO Premium plugin v26.1 (Yoast SEO v26.1.1) - https:\/\/yoast.com\/wordpress\/plugins\/seo\/ -->\n<title>Quem Somos - MZE Engenharia<\/title>\n<meta name=\"robots\" content=\"index, follow, max-snippet:-1, max-image-preview:large, max-video-preview:-1\" \/>\n<link rel=\"canonical\" href=\"https:\/\/mze-engenharia.com\/en\/quem-somos\/\" \/>\n<meta property=\"og:locale\" content=\"en_US\" \/>\n<meta property=\"og:type\" content=\"article\" \/>\n<meta property=\"og:title\" content=\"Quem Somos\" \/>\n<meta property=\"og:description\" content=\"QUEM SOMOS A MZE Engenharia \u00e9 uma empresa dedicada a oferecer Servi\u00e7os de Engenharia Consultiva de Excel\u00eancia, sempre guiada pelo compromisso de entregar cada projeto com qualidade superior, no prazo e dentro dos custos previstos. Reconhecida pela compet\u00eancia t\u00e9cnica e pelo alto valor que agrega aos seus clientes, a MZE atua com foco em solu\u00e7\u00f5es [&hellip;]\" \/>\n<meta property=\"og:url\" content=\"https:\/\/mze-engenharia.com\/en\/quem-somos\/\" \/>\n<meta property=\"og:site_name\" content=\"MZE Engenharia\" \/>\n<meta property=\"article:modified_time\" content=\"2025-12-14T13:06:56+00:00\" \/>\n<meta property=\"og:image\" content=\"https:\/\/mze-engenharia.com\/wp-content\/uploads\/2025\/12\/279748991_ab3821db-7dab-4844-9702-ade220d5c787.webp\" \/>\n\t<meta property=\"og:image:width\" content=\"1023\" \/>\n\t<meta property=\"og:image:height\" content=\"1024\" \/>\n\t<meta property=\"og:image:type\" content=\"image\/webp\" \/>\n<meta name=\"twitter:card\" content=\"summary_large_image\" \/>\n<meta name=\"twitter:label1\" content=\"Est. reading time\" \/>\n\t<meta name=\"twitter:data1\" content=\"2 minutes\" \/>\n<script type=\"application\/ld+json\" class=\"yoast-schema-graph\">{\"@context\":\"https:\/\/schema.org\",\"@graph\":[{\"@type\":\"WebPage\",\"@id\":\"https:\/\/mze-engenharia.com\/quem-somos\/\",\"url\":\"https:\/\/mze-engenharia.com\/quem-somos\/\",\"name\":\"Quem Somos - MZE Engenharia\",\"isPartOf\":{\"@id\":\"https:\/\/mze-engenharia.com\/#website\"},\"primaryImageOfPage\":{\"@id\":\"https:\/\/mze-engenharia.com\/quem-somos\/#primaryimage\"},\"image\":{\"@id\":\"https:\/\/mze-engenharia.com\/quem-somos\/#primaryimage\"},\"thumbnailUrl\":\"https:\/\/mze-engenharia.com\/wp-content\/uploads\/2025\/12\/279748991_ab3821db-7dab-4844-9702-ade220d5c787.webp\",\"datePublished\":\"2025-11-27T22:22:48+00:00\",\"dateModified\":\"2025-12-14T13:06:56+00:00\",\"breadcrumb\":{\"@id\":\"https:\/\/mze-engenharia.com\/quem-somos\/#breadcrumb\"},\"inLanguage\":\"en-US\",\"potentialAction\":[{\"@type\":\"ReadAction\",\"target\":[\"https:\/\/mze-engenharia.com\/quem-somos\/\"]}]},{\"@type\":\"ImageObject\",\"inLanguage\":\"en-US\",\"@id\":\"https:\/\/mze-engenharia.com\/quem-somos\/#primaryimage\",\"url\":\"https:\/\/mze-engenharia.com\/wp-content\/uploads\/2025\/12\/279748991_ab3821db-7dab-4844-9702-ade220d5c787.webp\",\"contentUrl\":\"https:\/\/mze-engenharia.com\/wp-content\/uploads\/2025\/12\/279748991_ab3821db-7dab-4844-9702-ade220d5c787.webp\"},{\"@type\":\"BreadcrumbList\",\"@id\":\"https:\/\/mze-engenharia.com\/quem-somos\/#breadcrumb\",\"itemListElement\":[{\"@type\":\"ListItem\",\"position\":1,\"name\":\"In\u00edcio\",\"item\":\"https:\/\/mze-engenharia.com\/\"},{\"@type\":\"ListItem\",\"position\":2,\"name\":\"Quem Somos\"}]},{\"@type\":\"WebSite\",\"@id\":\"https:\/\/mze-engenharia.com\/#website\",\"url\":\"https:\/\/mze-engenharia.com\/\",\"name\":\"MZE Engenharia\",\"description\":\"\",\"publisher\":{\"@id\":\"https:\/\/mze-engenharia.com\/#organization\"},\"potentialAction\":[{\"@type\":\"SearchAction\",\"target\":{\"@type\":\"EntryPoint\",\"urlTemplate\":\"https:\/\/mze-engenharia.com\/?s={search_term_string}\"},\"query-input\":{\"@type\":\"PropertyValueSpecification\",\"valueRequired\":true,\"valueName\":\"search_term_string\"}}],\"inLanguage\":\"en-US\"},{\"@type\":\"Organization\",\"@id\":\"https:\/\/mze-engenharia.com\/#organization\",\"name\":\"MZE Engenharia\",\"url\":\"https:\/\/mze-engenharia.com\/\",\"logo\":{\"@type\":\"ImageObject\",\"inLanguage\":\"en-US\",\"@id\":\"https:\/\/mze-engenharia.com\/#\/schema\/logo\/image\/\",\"url\":\"https:\/\/mze-engenharia.com\/wp-content\/uploads\/2025\/10\/Logotipo-oficial.svg\",\"contentUrl\":\"https:\/\/mze-engenharia.com\/wp-content\/uploads\/2025\/10\/Logotipo-oficial.svg\",\"width\":857,\"height\":263,\"caption\":\"MZE Engenharia\"},\"image\":{\"@id\":\"https:\/\/mze-engenharia.com\/#\/schema\/logo\/image\/\"}}]}<\/script>\n<!-- \/ Yoast SEO Premium plugin. -->","yoast_head_json":{"title":"Quem Somos - MZE Engenharia","robots":{"index":"index","follow":"follow","max-snippet":"max-snippet:-1","max-image-preview":"max-image-preview:large","max-video-preview":"max-video-preview:-1"},"canonical":"https:\/\/mze-engenharia.com\/en\/quem-somos\/","og_locale":"en_US","og_type":"article","og_title":"Quem Somos","og_description":"QUEM SOMOS A MZE Engenharia \u00e9 uma empresa dedicada a oferecer Servi\u00e7os de Engenharia Consultiva de Excel\u00eancia, sempre guiada pelo compromisso de entregar cada projeto com qualidade superior, no prazo e dentro dos custos previstos. Reconhecida pela compet\u00eancia t\u00e9cnica e pelo alto valor que agrega aos seus clientes, a MZE atua com foco em solu\u00e7\u00f5es [&hellip;]","og_url":"https:\/\/mze-engenharia.com\/en\/quem-somos\/","og_site_name":"MZE Engenharia","article_modified_time":"2025-12-14T13:06:56+00:00","og_image":[{"width":1023,"height":1024,"url":"https:\/\/mze-engenharia.com\/wp-content\/uploads\/2025\/12\/279748991_ab3821db-7dab-4844-9702-ade220d5c787.webp","type":"image\/webp"}],"twitter_card":"summary_large_image","twitter_misc":{"Est. reading time":"2 minutes"},"schema":{"@context":"https:\/\/schema.org","@graph":[{"@type":"WebPage","@id":"https:\/\/mze-engenharia.com\/quem-somos\/","url":"https:\/\/mze-engenharia.com\/quem-somos\/","name":"Quem Somos - MZE Engenharia","isPartOf":{"@id":"https:\/\/mze-engenharia.com\/#website"},"primaryImageOfPage":{"@id":"https:\/\/mze-engenharia.com\/quem-somos\/#primaryimage"},"image":{"@id":"https:\/\/mze-engenharia.com\/quem-somos\/#primaryimage"},"thumbnailUrl":"https:\/\/mze-engenharia.com\/wp-content\/uploads\/2025\/12\/279748991_ab3821db-7dab-4844-9702-ade220d5c787.webp","datePublished":"2025-11-27T22:22:48+00:00","dateModified":"2025-12-14T13:06:56+00:00","breadcrumb":{"@id":"https:\/\/mze-engenharia.com\/quem-somos\/#breadcrumb"},"inLanguage":"en-US","potentialAction":[{"@type":"ReadAction","target":["https:\/\/mze-engenharia.com\/quem-somos\/"]}]},{"@type":"ImageObject","inLanguage":"en-US","@id":"https:\/\/mze-engenharia.com\/quem-somos\/#primaryimage","url":"https:\/\/mze-engenharia.com\/wp-content\/uploads\/2025\/12\/279748991_ab3821db-7dab-4844-9702-ade220d5c787.webp","contentUrl":"https:\/\/mze-engenharia.com\/wp-content\/uploads\/2025\/12\/279748991_ab3821db-7dab-4844-9702-ade220d5c787.webp"},{"@type":"BreadcrumbList","@id":"https:\/\/mze-engenharia.com\/quem-somos\/#breadcrumb","itemListElement":[{"@type":"ListItem","position":1,"name":"In\u00edcio","item":"https:\/\/mze-engenharia.com\/"},{"@type":"ListItem","position":2,"name":"Quem Somos"}]},{"@type":"WebSite","@id":"https:\/\/mze-engenharia.com\/#website","url":"https:\/\/mze-engenharia.com\/","name":"MZE Engineering","description":"","publisher":{"@id":"https:\/\/mze-engenharia.com\/#organization"},"potentialAction":[{"@type":"SearchAction","target":{"@type":"EntryPoint","urlTemplate":"https:\/\/mze-engenharia.com\/?s={search_term_string}"},"query-input":{"@type":"PropertyValueSpecification","valueRequired":true,"valueName":"search_term_string"}}],"inLanguage":"en-US"},{"@type":"Organization","@id":"https:\/\/mze-engenharia.com\/#organization","name":"MZE Engineering","url":"https:\/\/mze-engenharia.com\/","logo":{"@type":"ImageObject","inLanguage":"en-US","@id":"https:\/\/mze-engenharia.com\/#\/schema\/logo\/image\/","url":"https:\/\/mze-engenharia.com\/wp-content\/uploads\/2025\/10\/Logotipo-oficial.svg","contentUrl":"https:\/\/mze-engenharia.com\/wp-content\/uploads\/2025\/10\/Logotipo-oficial.svg","width":857,"height":263,"caption":"MZE Engenharia"},"image":{"@id":"https:\/\/mze-engenharia.com\/#\/schema\/logo\/image\/"}}]}},"_hostinger_reach_plugin_has_subscription_block":false,"_hostinger_reach_plugin_is_elementor":false,"_links":{"self":[{"href":"https:\/\/mze-engenharia.com\/en\/wp-json\/wp\/v2\/pages\/1347","targetHints":{"allow":["GET"]}}],"collection":[{"href":"https:\/\/mze-engenharia.com\/en\/wp-json\/wp\/v2\/pages"}],"about":[{"href":"https:\/\/mze-engenharia.com\/en\/wp-json\/wp\/v2\/types\/page"}],"author":[{"embeddable":true,"href":"https:\/\/mze-engenharia.com\/en\/wp-json\/wp\/v2\/users\/1"}],"replies":[{"embeddable":true,"href":"https:\/\/mze-engenharia.com\/en\/wp-json\/wp\/v2\/comments?post=1347"}],"version-history":[{"count":145,"href":"https:\/\/mze-engenharia.com\/en\/wp-json\/wp\/v2\/pages\/1347\/revisions"}],"predecessor-version":[{"id":2617,"href":"https:\/\/mze-engenharia.com\/en\/wp-json\/wp\/v2\/pages\/1347\/revisions\/2617"}],"wp:attachment":[{"href":"https:\/\/mze-engenharia.com\/en\/wp-json\/wp\/v2\/media?parent=1347"}],"curies":[{"name":"wp","href":"https:\/\/api.w.org\/{rel}","templated":true}]}}