{"id":1600,"date":"2025-12-10T23:53:24","date_gmt":"2025-12-10T23:53:24","guid":{"rendered":"https:\/\/mze-engenharia.com\/?page_id=1600"},"modified":"2025-12-14T14:36:44","modified_gmt":"2025-12-14T14:36:44","slug":"carreira","status":"publish","type":"page","link":"https:\/\/mze-engenharia.com\/en\/carreira\/","title":{"rendered":"Career"},"content":{"rendered":"\t\t<div data-elementor-type=\"wp-page\" data-elementor-id=\"1600\" class=\"elementor elementor-1600\" data-elementor-post-type=\"page\">\n\t\t\t\t<div data-particle_enable=\"false\" data-particle-mobile-disabled=\"false\" class=\"elementor-element elementor-element-7ce647b e-flex e-con-boxed e-con e-parent\" data-id=\"7ce647b\" data-element_type=\"container\" data-e-type=\"container\" data-settings=\"{&quot;background_background&quot;:&quot;classic&quot;}\">\n\t\t\t\t\t<div class=\"e-con-inner\">\n\t\t\t\t\t<\/div>\n\t\t\t\t<\/div>\n\t\t\t\t\t<script>\n\t\t\t\t(function($) {\n                    \"use strict\";\n\n                    var target = $('.elementor-element-7ce647b');\n                    target.addClass('e-lazyloaded');\n\n                    \n                    var EaelParallaxElement = {\n\n\t\t\t\t\t\tinit: function() {\n\t\t\t\t\t\t\telementorFrontend.hooks.addAction('frontend\/element_ready\/global', EaelParallaxElement.initWidget);\n\t\t\t\t\t\t},\n                        responsiveParallax: function(){\n                            var android = 1,\n                                ios = 1;\n                            switch( true || 1 ){\n                                case android && ios:\n                                    return \/iPad|iPhone|iPod|Android\/;\n                                    break;\n                                case android && ! ios:\n                                    return \/Android\/;\n                                    break;\n                                case ! android && ios:\n                                    return \/iPad|iPhone|iPod\/;\n                                    break;\n                                case ( ! android && ! ios ):\n                                    return null;\n                            }\n                        },\n\t\t\t\t\t\tinitWidget: function( $scope ) {\n\n\t\t\t\t\t\t\ttarget.jarallax({\n\t\t\t\t\t\t\t\ttype: 'scroll',\n\t\t\t\t\t\t\t\tspeed: 0.8,\n\t\t\t\t\t\t\t\tkeepImg: true,\n                                disableParallax: EaelParallaxElement.responsiveParallax(),\n\t\t\t\t\t\t\t});\n\t\t\t\t\t\t}\n\n\t\t\t\t\t};\n\n\t\t\t\t\t$( window ).on('elementor\/frontend\/init', EaelParallaxElement.init);\n\n                    \t\t\t\t}( jQuery ) );\n\t\t\t<\/script>\n\t\t<div data-particle_enable=\"false\" data-particle-mobile-disabled=\"false\" class=\"elementor-element elementor-element-ceb4f23 e-flex e-con-boxed e-con e-parent\" data-id=\"ceb4f23\" data-element_type=\"container\" data-e-type=\"container\">\n\t\t\t\t\t<div class=\"e-con-inner\">\n\t\t\t\t<div class=\"elementor-element elementor-element-0091984 elementor-widget elementor-widget-heading\" data-id=\"0091984\" data-element_type=\"widget\" data-e-type=\"widget\" data-widget_type=\"heading.default\">\n\t\t\t\t\t<h2 class=\"elementor-heading-title elementor-size-default\">TRABALHE CONOSCO<\/h2>\t\t\t\t<\/div>\n\t\t<div data-particle_enable=\"false\" data-particle-mobile-disabled=\"false\" class=\"elementor-element elementor-element-8e3744c e-con-full e-flex e-con e-child\" data-id=\"8e3744c\" data-element_type=\"container\" data-e-type=\"container\">\n\t\t\t\t<div class=\"elementor-element elementor-element-b25b447 elementor-widget__width-initial elementor-widget elementor-widget-image\" data-id=\"b25b447\" data-element_type=\"widget\" data-e-type=\"widget\" data-widget_type=\"image.default\">\n\t\t\t\t\t\t\t\t\t\t\t\t\t\t\t<img fetchpriority=\"high\" decoding=\"async\" width=\"747\" height=\"818\" src=\"https:\/\/mze-engenharia.com\/wp-content\/uploads\/2025\/12\/Engenheiro-consultivo-saneamento.webp\" class=\"attachment-large size-large wp-image-1608\" alt=\"\" srcset=\"https:\/\/mze-engenharia.com\/wp-content\/uploads\/2025\/12\/Engenheiro-consultivo-saneamento.webp 747w, https:\/\/mze-engenharia.com\/wp-content\/uploads\/2025\/12\/Engenheiro-consultivo-saneamento-274x300.webp 274w\" sizes=\"(max-width: 747px) 100vw, 747px\" \/>\t\t\t\t\t\t\t\t\t\t\t\t\t\t\t<\/div>\n\t\t\t\t<div class=\"elementor-element elementor-element-2bc5f7d elementor-widget__width-initial elementor-widget elementor-widget-text-editor\" data-id=\"2bc5f7d\" data-element_type=\"widget\" data-e-type=\"widget\" data-widget_type=\"text-editor.default\">\n\t\t\t\t\t\t\t\t\t<p>Na MZE Engenharia, acreditamos que pessoas s\u00e3o a base dos projetos que transformam o mundo. Atuamos no <strong>Brasil, Portugal, Angola e Mo\u00e7ambique,<\/strong> e com a entrada do Grupo COBA ampliamos nossa capacidade t\u00e9cnica e presen\u00e7a internacional.<\/p><p>Buscamos profissionais comprometidos com <strong>excel\u00eancia, \u00e9tica, inova\u00e7\u00e3o e sustentabilidade.<\/strong> Aqui, voc\u00ea participa de projetos estrat\u00e9gicos de <strong>abastecimento de \u00e1gua, saneamento, drenagem e infraestrutura essencial,<\/strong> em um ambiente colaborativo e de aprendizado cont\u00ednuo.<\/p>\t\t\t\t\t\t\t\t<\/div>\n\t\t\t\t<\/div>\n\t\t\t\t\t<\/div>\n\t\t\t\t<\/div>\n\t\t<div data-particle_enable=\"false\" data-particle-mobile-disabled=\"false\" class=\"elementor-element elementor-element-4a81cb8 e-flex e-con-boxed e-con e-parent\" data-id=\"4a81cb8\" data-element_type=\"container\" data-e-type=\"container\" data-settings=\"{&quot;background_background&quot;:&quot;classic&quot;}\">\n\t\t\t\t\t<div class=\"e-con-inner\">\n\t\t\t\t<div class=\"elementor-element elementor-element-edeacc8 elementor-widget__width-initial srec elementor-widget elementor-widget-text-editor\" data-id=\"edeacc8\" data-element_type=\"widget\" data-e-type=\"widget\" data-widget_type=\"text-editor.default\">\n\t\t\t\t\t\t\t\t\t<p>Se voc\u00ea deseja crescer conosco e contribuir para um futuro mais sustent\u00e1vel, envie seu curr\u00edculo para:<\/p><p><strong>contato@mze-engenharia.com<\/strong><\/p><p>ou preencha o formul\u00e1rio abaixo:<\/p>\t\t\t\t\t\t\t\t<\/div>\n\t\t\t\t\t<\/div>\n\t\t\t\t<\/div>\n\t\t<div data-particle_enable=\"false\" data-particle-mobile-disabled=\"false\" class=\"elementor-element elementor-element-d31a605 e-flex e-con-boxed e-con e-parent\" data-id=\"d31a605\" data-element_type=\"container\" data-e-type=\"container\" data-settings=\"{&quot;background_background&quot;:&quot;classic&quot;}\">\n\t\t\t\t\t<div class=\"e-con-inner\">\n\t\t\t\t<div class=\"elementor-element elementor-element-12977f6 elementor-button-align-start btn-swipe elementor-widget-tablet__width-initial elementor-widget elementor-widget-form\" data-id=\"12977f6\" data-element_type=\"widget\" data-e-type=\"widget\" data-settings=\"{&quot;button_width&quot;:&quot;80&quot;,&quot;step_next_label&quot;:&quot;Pr\\u00f3ximo&quot;,&quot;step_previous_label&quot;:&quot;Anterior&quot;,&quot;step_type&quot;:&quot;number_text&quot;,&quot;step_icon_shape&quot;:&quot;circle&quot;}\" data-widget_type=\"form.default\">\n\t\t\t\t\t\t\t<form class=\"elementor-form\" method=\"post\" name=\"Novo formul\u00e1rio\" aria-label=\"Novo formul\u00e1rio\">\n\t\t\t<input type=\"hidden\" name=\"post_id\" value=\"1600\"\/>\n\t\t\t<input type=\"hidden\" name=\"form_id\" value=\"12977f6\"\/>\n\t\t\t<input type=\"hidden\" name=\"referer_title\" value=\"Carreira - MZE Engenharia\" \/>\n\n\t\t\t\t\t\t\t<input type=\"hidden\" name=\"queried_id\" value=\"1600\"\/>\n\t\t\t\n\t\t\t<div class=\"elementor-form-fields-wrapper elementor-labels-above\">\n\t\t\t\t\t\t\t\t<div class=\"elementor-field-type-text elementor-field-group elementor-column elementor-field-group-name elementor-col-50 elementor-field-required elementor-mark-required\">\n\t\t\t\t\t\t\t\t\t\t\t\t<label for=\"form-field-name\" class=\"elementor-field-label\">\n\t\t\t\t\t\t\t\tNome\t\t\t\t\t\t\t<\/label>\n\t\t\t\t\t\t\t\t\t\t\t\t\t\t<input size=\"1\" type=\"text\" name=\"form_fields[name]\" id=\"form-field-name\" class=\"elementor-field elementor-size-xs  elementor-field-textual\" placeholder=\"Digite seu primeiro e \u00faltimo nome\" required=\"required\">\n\t\t\t\t\t\t\t\t\t\t\t<\/div>\n\t\t\t\t\t\t\t\t<div class=\"elementor-field-type-email elementor-field-group elementor-column elementor-field-group-email elementor-col-50 elementor-field-required elementor-mark-required\">\n\t\t\t\t\t\t\t\t\t\t\t\t<label for=\"form-field-email\" class=\"elementor-field-label\">\n\t\t\t\t\t\t\t\tE-mail\t\t\t\t\t\t\t<\/label>\n\t\t\t\t\t\t\t\t\t\t\t\t\t\t<input size=\"1\" type=\"email\" name=\"form_fields[email]\" id=\"form-field-email\" class=\"elementor-field elementor-size-xs  elementor-field-textual\" placeholder=\"Digite seu e-mail\" required=\"required\">\n\t\t\t\t\t\t\t\t\t\t\t<\/div>\n\t\t\t\t\t\t\t\t<div class=\"elementor-field-type-tel elementor-field-group elementor-column elementor-field-group-field_6629096 elementor-col-50 elementor-field-required elementor-mark-required\">\n\t\t\t\t\t\t\t\t\t\t\t\t<label for=\"form-field-field_6629096\" class=\"elementor-field-label\">\n\t\t\t\t\t\t\t\tTelefone\t\t\t\t\t\t\t<\/label>\n\t\t\t\t\t\t\t\t<input size=\"1\" type=\"tel\" name=\"form_fields[field_6629096]\" id=\"form-field-field_6629096\" class=\"elementor-field elementor-size-xs  elementor-field-textual\" placeholder=\"Digite seu telefone\" required=\"required\" pattern=\"[0-9()#&amp;+*-=.]+\" title=\"Only numbers and phone characters (#, -, *, etc) are accepted.\">\n\n\t\t\t\t\t\t<\/div>\n\t\t\t\t\t\t\t\t<div class=\"elementor-field-type-text elementor-field-group elementor-column elementor-field-group-field_047b12e elementor-col-25 elementor-field-required elementor-mark-required\">\n\t\t\t\t\t\t\t\t\t\t\t\t<label for=\"form-field-field_047b12e\" class=\"elementor-field-label\">\n\t\t\t\t\t\t\t\tidade\t\t\t\t\t\t\t<\/label>\n\t\t\t\t\t\t\t\t\t\t\t\t\t\t<input size=\"1\" type=\"text\" name=\"form_fields[field_047b12e]\" id=\"form-field-field_047b12e\" class=\"elementor-field elementor-size-xs  elementor-field-textual\" placeholder=\"ex.: 26 anos\" required=\"required\">\n\t\t\t\t\t\t\t\t\t\t\t<\/div>\n\t\t\t\t\t\t\t\t<div class=\"elementor-field-type-text elementor-field-group elementor-column elementor-field-group-field_59dcb29 elementor-col-25 elementor-field-required elementor-mark-required\">\n\t\t\t\t\t\t\t\t\t\t\t\t<label for=\"form-field-field_59dcb29\" class=\"elementor-field-label\">\n\t\t\t\t\t\t\t\texperi\u00eancia\t\t\t\t\t\t\t<\/label>\n\t\t\t\t\t\t\t\t\t\t\t\t\t\t<input size=\"1\" type=\"text\" name=\"form_fields[field_59dcb29]\" id=\"form-field-field_59dcb29\" class=\"elementor-field elementor-size-xs  elementor-field-textual\" placeholder=\"ex.: 5 anos\" required=\"required\">\n\t\t\t\t\t\t\t\t\t\t\t<\/div>\n\t\t\t\t\t\t\t\t<div class=\"elementor-field-type-text elementor-field-group elementor-column elementor-field-group-field_633832a elementor-col-50 elementor-field-required elementor-mark-required\">\n\t\t\t\t\t\t\t\t\t\t\t\t<label for=\"form-field-field_633832a\" class=\"elementor-field-label\">\n\t\t\t\t\t\t\t\tCurso\t\t\t\t\t\t\t<\/label>\n\t\t\t\t\t\t\t\t\t\t\t\t\t\t<input size=\"1\" type=\"text\" name=\"form_fields[field_633832a]\" id=\"form-field-field_633832a\" class=\"elementor-field elementor-size-xs  elementor-field-textual\" placeholder=\"Digite sua forma\u00e7\u00e3o\" required=\"required\">\n\t\t\t\t\t\t\t\t\t\t\t<\/div>\n\t\t\t\t\t\t\t\t<div class=\"elementor-field-type-text elementor-field-group elementor-column elementor-field-group-field_c722c81 elementor-col-50 elementor-field-required elementor-mark-required\">\n\t\t\t\t\t\t\t\t\t\t\t\t<label for=\"form-field-field_c722c81\" class=\"elementor-field-label\">\n\t\t\t\t\t\t\t\tInstitui\u00e7\u00e3o de ensino\t\t\t\t\t\t\t<\/label>\n\t\t\t\t\t\t\t\t\t\t\t\t\t\t<input size=\"1\" type=\"text\" name=\"form_fields[field_c722c81]\" id=\"form-field-field_c722c81\" class=\"elementor-field elementor-size-xs  elementor-field-textual\" placeholder=\"Onde se formou\" required=\"required\">\n\t\t\t\t\t\t\t\t\t\t\t<\/div>\n\t\t\t\t\t\t\t\t<div class=\"elementor-field-type-text elementor-field-group elementor-column elementor-field-group-field_71b49f9 elementor-col-50 elementor-field-required elementor-mark-required\">\n\t\t\t\t\t\t\t\t\t\t\t\t<label for=\"form-field-field_71b49f9\" class=\"elementor-field-label\">\n\t\t\t\t\t\t\t\tNacionalidade\t\t\t\t\t\t\t<\/label>\n\t\t\t\t\t\t\t\t\t\t\t\t\t\t<input size=\"1\" type=\"text\" name=\"form_fields[field_71b49f9]\" id=\"form-field-field_71b49f9\" class=\"elementor-field elementor-size-xs  elementor-field-textual\" placeholder=\"ex.: Brasileiro\" required=\"required\">\n\t\t\t\t\t\t\t\t\t\t\t<\/div>\n\t\t\t\t\t\t\t\t<div class=\"elementor-field-type-text elementor-field-group elementor-column elementor-field-group-field_3ac8636 elementor-col-50 elementor-field-required elementor-mark-required\">\n\t\t\t\t\t\t\t\t\t\t\t\t<label for=\"form-field-field_3ac8636\" class=\"elementor-field-label\">\n\t\t\t\t\t\t\t\tresid\u00eancia\t\t\t\t\t\t\t<\/label>\n\t\t\t\t\t\t\t\t\t\t\t\t\t\t<input size=\"1\" type=\"text\" name=\"form_fields[field_3ac8636]\" id=\"form-field-field_3ac8636\" class=\"elementor-field elementor-size-xs  elementor-field-textual\" placeholder=\"ex.: Bras\u00edlia, Brasil\" required=\"required\">\n\t\t\t\t\t\t\t\t\t\t\t<\/div>\n\t\t\t\t\t\t\t\t<div class=\"elementor-field-type-textarea elementor-field-group elementor-column elementor-field-group-message elementor-col-100\">\n\t\t\t\t\t\t\t\t\t\t\t\t<label for=\"form-field-message\" class=\"elementor-field-label\">\n\t\t\t\t\t\t\t\tMensagem\t\t\t\t\t\t\t<\/label>\n\t\t\t\t\t\t<textarea class=\"elementor-field-textual elementor-field  elementor-size-xs\" name=\"form_fields[message]\" id=\"form-field-message\" rows=\"3\" placeholder=\"Digite sua mensagem                       \"><\/textarea>\t\t\t\t<\/div>\n\t\t\t\t\t\t\t\t<div class=\"elementor-field-type-upload elementor-field-group elementor-column elementor-field-group-field_af55afb elementor-col-100\">\n\t\t\t\t\t\t\t\t\t\t\t\t<label for=\"form-field-field_af55afb\" class=\"elementor-field-label\">\n\t\t\t\t\t\t\t\tenvie seu curriculo\t\t\t\t\t\t\t<\/label>\n\t\t\t\t\t\t\t\t<input type=\"file\" name=\"form_fields[field_af55afb][]\" id=\"form-field-field_af55afb\" class=\"elementor-field elementor-size-xs  elementor-upload-field\" multiple=\"multiple\">\n\n\t\t\t\t\t\t<\/div>\n\t\t\t\t\t\t\t\t<div class=\"elementor-field-group elementor-column elementor-field-type-submit elementor-col-80 e-form__buttons\">\n\t\t\t\t\t<button class=\"elementor-button elementor-size-sm\" type=\"submit\">\n\t\t\t\t\t\t<span class=\"elementor-button-content-wrapper\">\n\t\t\t\t\t\t\t\t\t\t\t\t\t\t\t\t\t\t\t\t\t\t<span class=\"elementor-button-text\">Enviar<\/span>\n\t\t\t\t\t\t\t\t\t\t\t\t\t<\/span>\n\t\t\t\t\t<\/button>\n\t\t\t\t<\/div>\n\t\t\t<\/div>\n\t\t<\/form>\n\t\t\t\t\t\t<\/div>\n\t\t\t\t\t<\/div>\n\t\t\t\t<\/div>\n\t\t\t\t<\/div>\n\t\t","protected":false},"excerpt":{"rendered":"<p>TRABALHE CONOSCO Na MZE Engenharia, acreditamos que pessoas s\u00e3o a base dos projetos que transformam o mundo. Atuamos no Brasil, Portugal, Angola e Mo\u00e7ambique, e com a entrada do Grupo COBA ampliamos nossa capacidade t\u00e9cnica e presen\u00e7a internacional. Buscamos profissionais comprometidos com excel\u00eancia, \u00e9tica, inova\u00e7\u00e3o e sustentabilidade. Aqui, voc\u00ea participa de projetos estrat\u00e9gicos de abastecimento [&hellip;]<\/p>\n","protected":false},"author":1,"featured_media":0,"parent":0,"menu_order":0,"comment_status":"closed","ping_status":"closed","template":"","meta":{"footnotes":""},"class_list":["post-1600","page","type-page","status-publish","hentry"],"yoast_head":"<!-- This site is optimized with the Yoast SEO Premium plugin v26.1 (Yoast SEO v26.1.1) - https:\/\/yoast.com\/wordpress\/plugins\/seo\/ -->\n<title>Carreira - MZE Engenharia<\/title>\n<meta name=\"robots\" content=\"index, follow, max-snippet:-1, max-image-preview:large, max-video-preview:-1\" \/>\n<link rel=\"canonical\" href=\"https:\/\/mze-engenharia.com\/en\/carreira\/\" \/>\n<meta property=\"og:locale\" content=\"en_US\" \/>\n<meta property=\"og:type\" content=\"article\" \/>\n<meta property=\"og:title\" content=\"Carreira\" \/>\n<meta property=\"og:description\" content=\"TRABALHE CONOSCO Na MZE Engenharia, acreditamos que pessoas s\u00e3o a base dos projetos que transformam o mundo. Atuamos no Brasil, Portugal, Angola e Mo\u00e7ambique, e com a entrada do Grupo COBA ampliamos nossa capacidade t\u00e9cnica e presen\u00e7a internacional. Buscamos profissionais comprometidos com excel\u00eancia, \u00e9tica, inova\u00e7\u00e3o e sustentabilidade. Aqui, voc\u00ea participa de projetos estrat\u00e9gicos de abastecimento [&hellip;]\" \/>\n<meta property=\"og:url\" content=\"https:\/\/mze-engenharia.com\/en\/carreira\/\" \/>\n<meta property=\"og:site_name\" content=\"MZE Engenharia\" \/>\n<meta property=\"article:modified_time\" content=\"2025-12-14T14:36:44+00:00\" \/>\n<meta property=\"og:image\" content=\"https:\/\/mze-engenharia.com\/wp-content\/uploads\/2025\/12\/Engenheiro-consultivo-saneamento.webp\" \/>\n\t<meta property=\"og:image:width\" content=\"747\" \/>\n\t<meta property=\"og:image:height\" content=\"818\" \/>\n\t<meta property=\"og:image:type\" content=\"image\/webp\" \/>\n<meta name=\"twitter:card\" content=\"summary_large_image\" \/>\n<meta name=\"twitter:label1\" content=\"Est. reading time\" \/>\n\t<meta name=\"twitter:data1\" content=\"1 minute\" \/>\n<script type=\"application\/ld+json\" class=\"yoast-schema-graph\">{\"@context\":\"https:\/\/schema.org\",\"@graph\":[{\"@type\":\"WebPage\",\"@id\":\"https:\/\/mze-engenharia.com\/carreira\/\",\"url\":\"https:\/\/mze-engenharia.com\/carreira\/\",\"name\":\"Carreira - MZE Engenharia\",\"isPartOf\":{\"@id\":\"https:\/\/mze-engenharia.com\/#website\"},\"primaryImageOfPage\":{\"@id\":\"https:\/\/mze-engenharia.com\/carreira\/#primaryimage\"},\"image\":{\"@id\":\"https:\/\/mze-engenharia.com\/carreira\/#primaryimage\"},\"thumbnailUrl\":\"https:\/\/mze-engenharia.com\/wp-content\/uploads\/2025\/12\/Engenheiro-consultivo-saneamento.webp\",\"datePublished\":\"2025-12-10T23:53:24+00:00\",\"dateModified\":\"2025-12-14T14:36:44+00:00\",\"breadcrumb\":{\"@id\":\"https:\/\/mze-engenharia.com\/carreira\/#breadcrumb\"},\"inLanguage\":\"en-US\",\"potentialAction\":[{\"@type\":\"ReadAction\",\"target\":[\"https:\/\/mze-engenharia.com\/carreira\/\"]}]},{\"@type\":\"ImageObject\",\"inLanguage\":\"en-US\",\"@id\":\"https:\/\/mze-engenharia.com\/carreira\/#primaryimage\",\"url\":\"https:\/\/mze-engenharia.com\/wp-content\/uploads\/2025\/12\/Engenheiro-consultivo-saneamento.webp\",\"contentUrl\":\"https:\/\/mze-engenharia.com\/wp-content\/uploads\/2025\/12\/Engenheiro-consultivo-saneamento.webp\"},{\"@type\":\"BreadcrumbList\",\"@id\":\"https:\/\/mze-engenharia.com\/carreira\/#breadcrumb\",\"itemListElement\":[{\"@type\":\"ListItem\",\"position\":1,\"name\":\"In\u00edcio\",\"item\":\"https:\/\/mze-engenharia.com\/\"},{\"@type\":\"ListItem\",\"position\":2,\"name\":\"Carreira\"}]},{\"@type\":\"WebSite\",\"@id\":\"https:\/\/mze-engenharia.com\/#website\",\"url\":\"https:\/\/mze-engenharia.com\/\",\"name\":\"MZE Engenharia\",\"description\":\"\",\"publisher\":{\"@id\":\"https:\/\/mze-engenharia.com\/#organization\"},\"potentialAction\":[{\"@type\":\"SearchAction\",\"target\":{\"@type\":\"EntryPoint\",\"urlTemplate\":\"https:\/\/mze-engenharia.com\/?s={search_term_string}\"},\"query-input\":{\"@type\":\"PropertyValueSpecification\",\"valueRequired\":true,\"valueName\":\"search_term_string\"}}],\"inLanguage\":\"en-US\"},{\"@type\":\"Organization\",\"@id\":\"https:\/\/mze-engenharia.com\/#organization\",\"name\":\"MZE Engenharia\",\"url\":\"https:\/\/mze-engenharia.com\/\",\"logo\":{\"@type\":\"ImageObject\",\"inLanguage\":\"en-US\",\"@id\":\"https:\/\/mze-engenharia.com\/#\/schema\/logo\/image\/\",\"url\":\"https:\/\/mze-engenharia.com\/wp-content\/uploads\/2025\/10\/Logotipo-oficial.svg\",\"contentUrl\":\"https:\/\/mze-engenharia.com\/wp-content\/uploads\/2025\/10\/Logotipo-oficial.svg\",\"width\":857,\"height\":263,\"caption\":\"MZE Engenharia\"},\"image\":{\"@id\":\"https:\/\/mze-engenharia.com\/#\/schema\/logo\/image\/\"}}]}<\/script>\n<!-- \/ Yoast SEO Premium plugin. -->","yoast_head_json":{"title":"Carreira - MZE Engenharia","robots":{"index":"index","follow":"follow","max-snippet":"max-snippet:-1","max-image-preview":"max-image-preview:large","max-video-preview":"max-video-preview:-1"},"canonical":"https:\/\/mze-engenharia.com\/en\/carreira\/","og_locale":"en_US","og_type":"article","og_title":"Carreira","og_description":"TRABALHE CONOSCO Na MZE Engenharia, acreditamos que pessoas s\u00e3o a base dos projetos que transformam o mundo. Atuamos no Brasil, Portugal, Angola e Mo\u00e7ambique, e com a entrada do Grupo COBA ampliamos nossa capacidade t\u00e9cnica e presen\u00e7a internacional. Buscamos profissionais comprometidos com excel\u00eancia, \u00e9tica, inova\u00e7\u00e3o e sustentabilidade. Aqui, voc\u00ea participa de projetos estrat\u00e9gicos de abastecimento [&hellip;]","og_url":"https:\/\/mze-engenharia.com\/en\/carreira\/","og_site_name":"MZE Engenharia","article_modified_time":"2025-12-14T14:36:44+00:00","og_image":[{"width":747,"height":818,"url":"https:\/\/mze-engenharia.com\/wp-content\/uploads\/2025\/12\/Engenheiro-consultivo-saneamento.webp","type":"image\/webp"}],"twitter_card":"summary_large_image","twitter_misc":{"Est. reading time":"1 minute"},"schema":{"@context":"https:\/\/schema.org","@graph":[{"@type":"WebPage","@id":"https:\/\/mze-engenharia.com\/carreira\/","url":"https:\/\/mze-engenharia.com\/carreira\/","name":"Carreira - MZE Engenharia","isPartOf":{"@id":"https:\/\/mze-engenharia.com\/#website"},"primaryImageOfPage":{"@id":"https:\/\/mze-engenharia.com\/carreira\/#primaryimage"},"image":{"@id":"https:\/\/mze-engenharia.com\/carreira\/#primaryimage"},"thumbnailUrl":"https:\/\/mze-engenharia.com\/wp-content\/uploads\/2025\/12\/Engenheiro-consultivo-saneamento.webp","datePublished":"2025-12-10T23:53:24+00:00","dateModified":"2025-12-14T14:36:44+00:00","breadcrumb":{"@id":"https:\/\/mze-engenharia.com\/carreira\/#breadcrumb"},"inLanguage":"en-US","potentialAction":[{"@type":"ReadAction","target":["https:\/\/mze-engenharia.com\/carreira\/"]}]},{"@type":"ImageObject","inLanguage":"en-US","@id":"https:\/\/mze-engenharia.com\/carreira\/#primaryimage","url":"https:\/\/mze-engenharia.com\/wp-content\/uploads\/2025\/12\/Engenheiro-consultivo-saneamento.webp","contentUrl":"https:\/\/mze-engenharia.com\/wp-content\/uploads\/2025\/12\/Engenheiro-consultivo-saneamento.webp"},{"@type":"BreadcrumbList","@id":"https:\/\/mze-engenharia.com\/carreira\/#breadcrumb","itemListElement":[{"@type":"ListItem","position":1,"name":"In\u00edcio","item":"https:\/\/mze-engenharia.com\/"},{"@type":"ListItem","position":2,"name":"Carreira"}]},{"@type":"WebSite","@id":"https:\/\/mze-engenharia.com\/#website","url":"https:\/\/mze-engenharia.com\/","name":"MZE Engineering","description":"","publisher":{"@id":"https:\/\/mze-engenharia.com\/#organization"},"potentialAction":[{"@type":"SearchAction","target":{"@type":"EntryPoint","urlTemplate":"https:\/\/mze-engenharia.com\/?s={search_term_string}"},"query-input":{"@type":"PropertyValueSpecification","valueRequired":true,"valueName":"search_term_string"}}],"inLanguage":"en-US"},{"@type":"Organization","@id":"https:\/\/mze-engenharia.com\/#organization","name":"MZE Engineering","url":"https:\/\/mze-engenharia.com\/","logo":{"@type":"ImageObject","inLanguage":"en-US","@id":"https:\/\/mze-engenharia.com\/#\/schema\/logo\/image\/","url":"https:\/\/mze-engenharia.com\/wp-content\/uploads\/2025\/10\/Logotipo-oficial.svg","contentUrl":"https:\/\/mze-engenharia.com\/wp-content\/uploads\/2025\/10\/Logotipo-oficial.svg","width":857,"height":263,"caption":"MZE Engenharia"},"image":{"@id":"https:\/\/mze-engenharia.com\/#\/schema\/logo\/image\/"}}]}},"_hostinger_reach_plugin_has_subscription_block":false,"_hostinger_reach_plugin_is_elementor":false,"_links":{"self":[{"href":"https:\/\/mze-engenharia.com\/en\/wp-json\/wp\/v2\/pages\/1600","targetHints":{"allow":["GET"]}}],"collection":[{"href":"https:\/\/mze-engenharia.com\/en\/wp-json\/wp\/v2\/pages"}],"about":[{"href":"https:\/\/mze-engenharia.com\/en\/wp-json\/wp\/v2\/types\/page"}],"author":[{"embeddable":true,"href":"https:\/\/mze-engenharia.com\/en\/wp-json\/wp\/v2\/users\/1"}],"replies":[{"embeddable":true,"href":"https:\/\/mze-engenharia.com\/en\/wp-json\/wp\/v2\/comments?post=1600"}],"version-history":[{"count":62,"href":"https:\/\/mze-engenharia.com\/en\/wp-json\/wp\/v2\/pages\/1600\/revisions"}],"predecessor-version":[{"id":2679,"href":"https:\/\/mze-engenharia.com\/en\/wp-json\/wp\/v2\/pages\/1600\/revisions\/2679"}],"wp:attachment":[{"href":"https:\/\/mze-engenharia.com\/en\/wp-json\/wp\/v2\/media?parent=1600"}],"curies":[{"name":"wp","href":"https:\/\/api.w.org\/{rel}","templated":true}]}}