{"id":1887,"date":"2025-12-12T17:49:58","date_gmt":"2025-12-12T17:49:58","guid":{"rendered":"https:\/\/mze-engenharia.com\/?page_id=1887"},"modified":"2026-03-06T13:48:45","modified_gmt":"2026-03-06T13:48:45","slug":"atuacao","status":"publish","type":"page","link":"https:\/\/mze-engenharia.com\/en\/atuacao\/","title":{"rendered":"Performance"},"content":{"rendered":"<div data-elementor-type=\"wp-page\" data-elementor-id=\"1887\" class=\"elementor elementor-1887\" data-elementor-post-type=\"page\">\n\t\t\t\t<div data-particle_enable=\"false\" data-particle-mobile-disabled=\"false\" class=\"elementor-element elementor-element-2b3b643 e-flex e-con-boxed e-con e-parent\" data-id=\"2b3b643\" data-element_type=\"container\" data-e-type=\"container\" data-settings=\"{&quot;background_background&quot;:&quot;classic&quot;}\">\n\t\t\t\t\t<div class=\"e-con-inner\">\n\t\t\t\t\t<\/div>\n\t\t\t\t<\/div>\n\t\t\t\t\t<script>\n\t\t\t\t(function($) {\n                    \"use strict\";\n\n                    var target = $('.elementor-element-2b3b643');\n                    target.addClass('e-lazyloaded');\n\n                    \n                    var EaelParallaxElement = {\n\n\t\t\t\t\t\tinit: function() {\n\t\t\t\t\t\t\telementorFrontend.hooks.addAction('frontend\/element_ready\/global', EaelParallaxElement.initWidget);\n\t\t\t\t\t\t},\n                        responsiveParallax: function(){\n                            var android = 1,\n                                ios = 1;\n                            switch( true || 1 ){\n                                case android && ios:\n                                    return \/iPad|iPhone|iPod|Android\/;\n                                    break;\n                                case android && ! ios:\n                                    return \/Android\/;\n                                    break;\n                                case ! android && ios:\n                                    return \/iPad|iPhone|iPod\/;\n                                    break;\n                                case ( ! android && ! ios ):\n                                    return null;\n                            }\n                        },\n\t\t\t\t\t\tinitWidget: function( $scope ) {\n\n\t\t\t\t\t\t\ttarget.jarallax({\n\t\t\t\t\t\t\t\ttype: 'scroll',\n\t\t\t\t\t\t\t\tspeed: 0.8,\n\t\t\t\t\t\t\t\tkeepImg: true,\n                                disableParallax: EaelParallaxElement.responsiveParallax(),\n\t\t\t\t\t\t\t});\n\t\t\t\t\t\t}\n\n\t\t\t\t\t};\n\n\t\t\t\t\t$( window ).on('elementor\/frontend\/init', EaelParallaxElement.init);\n\n                    \t\t\t\t}( jQuery ) );\n\t\t\t<\/script>\n\t\t<div data-particle_enable=\"false\" data-particle-mobile-disabled=\"false\" class=\"elementor-element elementor-element-5dc39b9 e-flex e-con-boxed e-con e-parent\" data-id=\"5dc39b9\" data-element_type=\"container\" data-e-type=\"container\">\n\t\t\t\t\t<div class=\"e-con-inner\">\n\t\t\t\t<div class=\"elementor-element elementor-element-a571a6d elementor-widget elementor-widget-heading\" data-id=\"a571a6d\" data-element_type=\"widget\" data-e-type=\"widget\" data-widget_type=\"heading.default\">\n\t\t\t\t\t<h2 class=\"elementor-heading-title elementor-size-default\">WHAT WE DO<\/h2>\t\t\t\t<\/div>\n\t\t<div data-particle_enable=\"false\" data-particle-mobile-disabled=\"false\" class=\"elementor-element elementor-element-770b371 e-con-full e-flex e-con e-child\" data-id=\"770b371\" data-element_type=\"container\" data-e-type=\"container\">\n\t\t\t\t<div class=\"elementor-element elementor-element-1d7a4eb elementor-widget__width-initial elementor-widget elementor-widget-text-editor\" data-id=\"1d7a4eb\" data-element_type=\"widget\" data-e-type=\"widget\" data-widget_type=\"text-editor.default\">\n\t\t\t\t\t\t\t\t\t<p>A <strong>MZE Engineering<\/strong> operates in the provision of services of <strong>engineering consulting of excellence,<\/strong> with a focus on technical and innovative solutions for<strong> Water infrastructure and sanitation.<\/strong> Our work is guided by a daily commitment to competence., <strong>ensuring that each project is delivered with quality, on time and within the contracted costs.<\/strong><\/p>\t\t\t\t\t\t\t\t<\/div>\n\t\t\t\t<div class=\"elementor-element elementor-element-30b2b1c elementor-widget__width-initial elementor-widget elementor-widget-image\" data-id=\"30b2b1c\" data-element_type=\"widget\" data-e-type=\"widget\" data-widget_type=\"image.default\">\n\t\t\t\t\t\t\t\t\t\t\t\t\t\t\t<img fetchpriority=\"high\" decoding=\"async\" width=\"595\" height=\"591\" src=\"https:\/\/mze-engenharia.com\/wp-content\/uploads\/2025\/12\/ENGENHEIRA.webp\" class=\"attachment-large size-large wp-image-1895\" alt=\"\" srcset=\"https:\/\/mze-engenharia.com\/wp-content\/uploads\/2025\/12\/ENGENHEIRA.webp 595w, https:\/\/mze-engenharia.com\/wp-content\/uploads\/2025\/12\/ENGENHEIRA-300x298.webp 300w, https:\/\/mze-engenharia.com\/wp-content\/uploads\/2025\/12\/ENGENHEIRA-150x150.webp 150w\" sizes=\"(max-width: 595px) 100vw, 595px\" \/>\t\t\t\t\t\t\t\t\t\t\t\t\t\t\t<\/div>\n\t\t\t\t<\/div>\n\t\t\t\t\t<\/div>\n\t\t\t\t<\/div>\n\t\t<div data-particle_enable=\"false\" data-particle-mobile-disabled=\"false\" class=\"elementor-element elementor-element-bc72820 e-flex e-con-boxed e-con e-parent\" data-id=\"bc72820\" data-element_type=\"container\" data-e-type=\"container\">\n\t\t\t\t\t<div class=\"e-con-inner\">\n\t\t\t\t<div class=\"elementor-element elementor-element-cf25e6a elementor-widget elementor-widget-heading\" data-id=\"cf25e6a\" data-element_type=\"widget\" data-e-type=\"widget\" data-widget_type=\"heading.default\">\n\t\t\t\t\t<h2 class=\"elementor-heading-title elementor-size-default\">OUR SPECIALTIES<\/h2>\t\t\t\t<\/div>\n\t\t\t\t<div class=\"elementor-element elementor-element-934733d elementor-widget__width-initial elementor-widget elementor-widget-text-editor\" data-id=\"934733d\" data-element_type=\"widget\" data-e-type=\"widget\" data-widget_type=\"text-editor.default\">\n\t\t\t\t\t\t\t\t\t<p>We developed <strong>studies, plans and projects<\/strong> Focused on the sustainable development of systems essential to the population&#039;s quality of life. Our main areas of expertise include:<\/p>\t\t\t\t\t\t\t\t<\/div>\n\t\t\t\t<div class=\"elementor-element elementor-element-2be449b elementor-widget__width-initial elementor-widget-mobile__width-initial elementor-widget elementor-widget-eael-flip-carousel\" data-id=\"2be449b\" data-element_type=\"widget\" data-e-type=\"widget\" data-widget_type=\"eael-flip-carousel.default\">\n\t\t\t\t\t\t\t<div class=\"eael-flip-carousel flip-carousel-2be449b show-active-only always\" data-style=\"carousel\" data-start=\"center\" data-fadein=\"400\" data-loop=\"true\" data-autoplay=\"false\" data-pauseonhover=\"true\" data-spacing=\"-0.4\" data-click=\"true\" data-scrollwheel=\"true\" data-touch=\"true\" data-buttons=\"custom\" data-buttonprev=\"&lt;svg aria-hidden=&quot;true&quot; class=&quot;e-font-icon-svg e-fas-arrow-circle-left&quot; viewBox=&quot;0 0 512 512&quot; xmlns=&quot;http:\/\/www.w3.org\/2000\/svg&quot;&gt;&lt;path d=&quot;M256 504C119 504 8 393 8 256S119 8 256 8s248 111 248 248-111 248-248 248zm28.9-143.6L209.4 288H392c13.3 0 24-10.7 24-24v-16c0-13.3-10.7-24-24-24H209.4l75.5-72.4c9.7-9.3 9.9-24.8.4-34.3l-11-10.9c-9.4-9.4-24.6-9.4-33.9 0L107.7 239c-9.4 9.4-9.4 24.6 0 33.9l132.7 132.7c9.4 9.4 24.6 9.4 33.9 0l11-10.9c9.5-9.5 9.3-25-.4-34.3z&quot;&gt;&lt;\/path&gt;&lt;\/svg&gt;\" data-buttonnext=\"&lt;svg aria-hidden=&quot;true&quot; class=&quot;e-font-icon-svg e-fas-arrow-circle-right&quot; viewBox=&quot;0 0 512 512&quot; xmlns=&quot;http:\/\/www.w3.org\/2000\/svg&quot;&gt;&lt;path d=&quot;M256 8c137 0 248 111 248 248S393 504 256 504 8 393 8 256 119 8 256 8zm-28.9 143.6l75.5 72.4H120c-13.3 0-24 10.7-24 24v16c0 13.3 10.7 24 24 24h182.6l-75.5 72.4c-9.7 9.3-9.9 24.8-.4 34.3l11 10.9c9.4 9.4 24.6 9.4 33.9 0L404.3 273c9.4-9.4 9.4-24.6 0-33.9L271.6 106.3c-9.4-9.4-24.6-9.4-33.9 0l-11 10.9c-9.5 9.6-9.3 25.1.4 34.4z&quot;&gt;&lt;\/path&gt;&lt;\/svg&gt;\">\n\t\t\t<ul class=\"flip-items eael-flip-container\">\n\t\t\t\t\t\t\t\t\t<li class=\"eael-flip-item\">\n\t\t\t\t\t\t<img decoding=\"async\" src=\"https:\/\/mze-engenharia.com\/wp-content\/uploads\/2025\/12\/Abastecimento-de-Agua.webp\" alt=\"\"><div class='eael-flip-carousel-content-overlay'><\/div><div class='eael-flip-carousel-content'><p style=\"text-align: center\">Water Supply Systems<\/p><\/div>\n\t\t\t\t\t<\/li>\n\t\t\t\t\t\t\t\t\t<li class=\"eael-flip-item\">\n\t\t\t\t\t\t<img decoding=\"async\" src=\"https:\/\/mze-engenharia.com\/wp-content\/uploads\/2025\/12\/Adutores-de-Agua.webp\" alt=\"\"><div class='eael-flip-carousel-content-overlay'><\/div><div class='eael-flip-carousel-content'><p>Water Supply Systems<\/p><\/div>\n\t\t\t\t\t<\/li>\n\t\t\t\t\t\t\t\t\t<li class=\"eael-flip-item\">\n\t\t\t\t\t\t<img decoding=\"async\" src=\"https:\/\/mze-engenharia.com\/wp-content\/uploads\/2025\/12\/Sistemas-de-Saneamento.webp\" alt=\"\"><div class='eael-flip-carousel-content-overlay'><\/div><div class='eael-flip-carousel-content'><p>Sanitation systems (domestic and industrial wastewater)<\/p><\/div>\n\t\t\t\t\t<\/li>\n\t\t\t\t\t\t\t\t\t<li class=\"eael-flip-item\">\n\t\t\t\t\t\t<img decoding=\"async\" src=\"https:\/\/mze-engenharia.com\/wp-content\/uploads\/2025\/12\/Drenagem-Pluvial.webp\" alt=\"\"><div class='eael-flip-carousel-content-overlay'><\/div><div class='eael-flip-carousel-content'><p>Stormwater Drainage<\/p><\/div>\n\t\t\t\t\t<\/li>\n\t\t\t\t\t\t\t\t\t<li class=\"eael-flip-item\">\n\t\t\t\t\t\t<img decoding=\"async\" src=\"https:\/\/mze-engenharia.com\/wp-content\/uploads\/2025\/12\/repos.webp\" alt=\"\"><div class='eael-flip-carousel-content-overlay'><\/div><div class='eael-flip-carousel-content'><p>Restoration of Affected Water and Sanitation Services<\/p><\/div>\n\t\t\t\t\t<\/li>\n\t\t\t\t\t\t\t<\/ul>\n\t\t<\/div>\n\t\t\t\t\t\t<\/div>\n\t\t\t\t<div class=\"elementor-element elementor-element-3e87d8f elementor-widget__width-initial elementor-widget-mobile__width-inherit elementor-widget elementor-widget-text-editor\" data-id=\"3e87d8f\" data-element_type=\"widget\" data-e-type=\"widget\" data-widget_type=\"text-editor.default\">\n\t\t\t\t\t\t\t\t\t<p>Our engineering combines technical rigor with cost-effective solutions, always aiming to exceed expectations and build lasting partnerships.<\/p>\t\t\t\t\t\t\t\t<\/div>\n\t\t\t\t\t<\/div>\n\t\t\t\t<\/div>\n\t\t<div data-particle_enable=\"false\" data-particle-mobile-disabled=\"false\" class=\"elementor-element elementor-element-62499e6 e-flex e-con-boxed e-con e-parent\" data-id=\"62499e6\" data-element_type=\"container\" data-e-type=\"container\">\n\t\t\t\t\t<div class=\"e-con-inner\">\n\t\t\t\t<div class=\"elementor-element elementor-element-4e1df69 elementor-widget elementor-widget-heading\" data-id=\"4e1df69\" data-element_type=\"widget\" data-e-type=\"widget\" data-widget_type=\"heading.default\">\n\t\t\t\t\t<h2 class=\"elementor-heading-title elementor-size-default\">INTERNATIONAL PRESENCE<\/h2>\t\t\t\t<\/div>\n\t\t<div data-particle_enable=\"false\" data-particle-mobile-disabled=\"false\" class=\"elementor-element elementor-element-9a074f6 e-con-full e-flex e-con e-child\" data-id=\"9a074f6\" data-element_type=\"container\" data-e-type=\"container\">\n\t\t\t\t<div class=\"elementor-element elementor-element-1b2c39b elementor-widget__width-initial elementor-widget elementor-widget-image\" data-id=\"1b2c39b\" data-element_type=\"widget\" data-e-type=\"widget\" data-widget_type=\"image.default\">\n\t\t\t\t\t\t\t\t\t\t\t\t\t\t\t<img decoding=\"async\" width=\"474\" height=\"601\" src=\"https:\/\/mze-engenharia.com\/wp-content\/uploads\/2025\/12\/MAPA-MUNDI-COM-CAPACETE-ENGENHARIA-MZE.webp\" class=\"attachment-large size-large wp-image-1900\" alt=\"\" srcset=\"https:\/\/mze-engenharia.com\/wp-content\/uploads\/2025\/12\/MAPA-MUNDI-COM-CAPACETE-ENGENHARIA-MZE.webp 474w, https:\/\/mze-engenharia.com\/wp-content\/uploads\/2025\/12\/MAPA-MUNDI-COM-CAPACETE-ENGENHARIA-MZE-237x300.webp 237w\" sizes=\"(max-width: 474px) 100vw, 474px\" \/>\t\t\t\t\t\t\t\t\t\t\t\t\t\t\t<\/div>\n\t\t\t\t<div class=\"elementor-element elementor-element-5ed7bb1 elementor-widget__width-initial elementor-widget elementor-widget-text-editor\" data-id=\"5ed7bb1\" data-element_type=\"widget\" data-e-type=\"widget\" data-widget_type=\"text-editor.default\">\n\t\t\t\t\t\t\t\t\t<p>MZE is present in<strong> Brazil, Portugal, Angola and Mozambique,<\/strong> consolidating a performance that combines local talent with a global vision.<\/p><p>The entry of the COBA Group into our shareholder structure strengthens this trajectory, expanding our delivery capacity and accelerating innovation in strategic areas such as water and energy. Together, MZE and COBA combine international experience and regional knowledge to transform realities and impact communities sustainably.<\/p>\t\t\t\t\t\t\t\t<\/div>\n\t\t\t\t<\/div>\n\t\t<div data-particle_enable=\"false\" data-particle-mobile-disabled=\"false\" class=\"elementor-element elementor-element-4dc4205 e-con-full e-flex e-con e-child\" data-id=\"4dc4205\" data-element_type=\"container\" data-e-type=\"container\">\n\t\t\t\t<div class=\"elementor-element elementor-element-6c6a76c btn-swipe elementor-align-justify elementor-widget__width-initial elementor-widget elementor-widget-button\" data-id=\"6c6a76c\" data-element_type=\"widget\" data-e-type=\"widget\" data-widget_type=\"button.default\">\n\t\t\t\t\t\t\t\t\t\t<a class=\"elementor-button elementor-button-link elementor-size-sm\" href=\"https:\/\/mze-engenharia.com\/en\/contato\/\">\n\t\t\t\t\t\t<span class=\"elementor-button-content-wrapper\">\n\t\t\t\t\t\t\t\t\t<span class=\"elementor-button-text\">GET TO KNOW THE COMPANY<\/span>\n\t\t\t\t\t<\/span>\n\t\t\t\t\t<\/a>\n\t\t\t\t\t\t\t\t<\/div>\n\t\t\t\t<\/div>\n\t\t\t\t\t<\/div>\n\t\t\t\t<\/div>\n\t\t\t\t<\/div>","protected":false},"excerpt":{"rendered":"<p>ATUA\u00c7\u00c3O A MZE Engenharia atua na presta\u00e7\u00e3o de servi\u00e7os de engenharia consultiva de excel\u00eancia, com foco em solu\u00e7\u00f5es t\u00e9cnicas e inovadoras para infraestrutura h\u00eddrica e saneamento. Nosso trabalho \u00e9 guiado pelo compromisso di\u00e1rio com a compet\u00eancia, garantindo que cada projeto seja entregue com qualidade, no prazo e dentro dos custos contratados. NOSSAS ESPECIALIDADES Desenvolvemos estudos, [&hellip;]<\/p>\n","protected":false},"author":1,"featured_media":0,"parent":0,"menu_order":0,"comment_status":"closed","ping_status":"closed","template":"","meta":{"footnotes":""},"class_list":["post-1887","page","type-page","status-publish","hentry"],"yoast_head":"<!-- This site is optimized with the Yoast SEO Premium plugin v26.1 (Yoast SEO v26.1.1) - https:\/\/yoast.com\/wordpress\/plugins\/seo\/ -->\n<title>Atua\u00e7\u00e3o - MZE Engenharia<\/title>\n<meta name=\"robots\" content=\"index, follow, max-snippet:-1, max-image-preview:large, max-video-preview:-1\" \/>\n<link rel=\"canonical\" href=\"https:\/\/mze-engenharia.com\/en\/atuacao\/\" \/>\n<meta property=\"og:locale\" content=\"en_US\" \/>\n<meta property=\"og:type\" content=\"article\" \/>\n<meta property=\"og:title\" content=\"Atua\u00e7\u00e3o\" \/>\n<meta property=\"og:description\" content=\"ATUA\u00c7\u00c3O A MZE Engenharia atua na presta\u00e7\u00e3o de servi\u00e7os de engenharia consultiva de excel\u00eancia, com foco em solu\u00e7\u00f5es t\u00e9cnicas e inovadoras para infraestrutura h\u00eddrica e saneamento. Nosso trabalho \u00e9 guiado pelo compromisso di\u00e1rio com a compet\u00eancia, garantindo que cada projeto seja entregue com qualidade, no prazo e dentro dos custos contratados. NOSSAS ESPECIALIDADES Desenvolvemos estudos, [&hellip;]\" \/>\n<meta property=\"og:url\" content=\"https:\/\/mze-engenharia.com\/en\/atuacao\/\" \/>\n<meta property=\"og:site_name\" content=\"MZE Engenharia\" \/>\n<meta property=\"article:modified_time\" content=\"2026-03-06T13:48:45+00:00\" \/>\n<meta property=\"og:image\" content=\"https:\/\/mze-engenharia.com\/wp-content\/uploads\/2025\/12\/ENGENHEIRA.webp\" \/>\n\t<meta property=\"og:image:width\" content=\"595\" \/>\n\t<meta property=\"og:image:height\" content=\"591\" \/>\n\t<meta property=\"og:image:type\" content=\"image\/webp\" \/>\n<meta name=\"twitter:card\" content=\"summary_large_image\" \/>\n<meta name=\"twitter:label1\" content=\"Est. reading time\" \/>\n\t<meta name=\"twitter:data1\" content=\"3 minutes\" \/>\n<script type=\"application\/ld+json\" class=\"yoast-schema-graph\">{\"@context\":\"https:\/\/schema.org\",\"@graph\":[{\"@type\":\"WebPage\",\"@id\":\"https:\/\/mze-engenharia.com\/atuacao\/\",\"url\":\"https:\/\/mze-engenharia.com\/atuacao\/\",\"name\":\"Atua\u00e7\u00e3o - MZE Engenharia\",\"isPartOf\":{\"@id\":\"https:\/\/mze-engenharia.com\/#website\"},\"primaryImageOfPage\":{\"@id\":\"https:\/\/mze-engenharia.com\/atuacao\/#primaryimage\"},\"image\":{\"@id\":\"https:\/\/mze-engenharia.com\/atuacao\/#primaryimage\"},\"thumbnailUrl\":\"https:\/\/mze-engenharia.com\/wp-content\/uploads\/2025\/12\/ENGENHEIRA.webp\",\"datePublished\":\"2025-12-12T17:49:58+00:00\",\"dateModified\":\"2026-03-06T13:48:45+00:00\",\"breadcrumb\":{\"@id\":\"https:\/\/mze-engenharia.com\/atuacao\/#breadcrumb\"},\"inLanguage\":\"en-US\",\"potentialAction\":[{\"@type\":\"ReadAction\",\"target\":[\"https:\/\/mze-engenharia.com\/atuacao\/\"]}]},{\"@type\":\"ImageObject\",\"inLanguage\":\"en-US\",\"@id\":\"https:\/\/mze-engenharia.com\/atuacao\/#primaryimage\",\"url\":\"https:\/\/mze-engenharia.com\/wp-content\/uploads\/2025\/12\/ENGENHEIRA.webp\",\"contentUrl\":\"https:\/\/mze-engenharia.com\/wp-content\/uploads\/2025\/12\/ENGENHEIRA.webp\"},{\"@type\":\"BreadcrumbList\",\"@id\":\"https:\/\/mze-engenharia.com\/atuacao\/#breadcrumb\",\"itemListElement\":[{\"@type\":\"ListItem\",\"position\":1,\"name\":\"In\u00edcio\",\"item\":\"https:\/\/mze-engenharia.com\/\"},{\"@type\":\"ListItem\",\"position\":2,\"name\":\"Atua\u00e7\u00e3o\"}]},{\"@type\":\"WebSite\",\"@id\":\"https:\/\/mze-engenharia.com\/#website\",\"url\":\"https:\/\/mze-engenharia.com\/\",\"name\":\"MZE Engenharia\",\"description\":\"\",\"publisher\":{\"@id\":\"https:\/\/mze-engenharia.com\/#organization\"},\"potentialAction\":[{\"@type\":\"SearchAction\",\"target\":{\"@type\":\"EntryPoint\",\"urlTemplate\":\"https:\/\/mze-engenharia.com\/?s={search_term_string}\"},\"query-input\":{\"@type\":\"PropertyValueSpecification\",\"valueRequired\":true,\"valueName\":\"search_term_string\"}}],\"inLanguage\":\"en-US\"},{\"@type\":\"Organization\",\"@id\":\"https:\/\/mze-engenharia.com\/#organization\",\"name\":\"MZE Engenharia\",\"url\":\"https:\/\/mze-engenharia.com\/\",\"logo\":{\"@type\":\"ImageObject\",\"inLanguage\":\"en-US\",\"@id\":\"https:\/\/mze-engenharia.com\/#\/schema\/logo\/image\/\",\"url\":\"https:\/\/mze-engenharia.com\/wp-content\/uploads\/2025\/10\/Logotipo-oficial.svg\",\"contentUrl\":\"https:\/\/mze-engenharia.com\/wp-content\/uploads\/2025\/10\/Logotipo-oficial.svg\",\"width\":857,\"height\":263,\"caption\":\"MZE Engenharia\"},\"image\":{\"@id\":\"https:\/\/mze-engenharia.com\/#\/schema\/logo\/image\/\"}}]}<\/script>\n<!-- \/ Yoast SEO Premium plugin. -->","yoast_head_json":{"title":"Atua\u00e7\u00e3o - MZE Engenharia","robots":{"index":"index","follow":"follow","max-snippet":"max-snippet:-1","max-image-preview":"max-image-preview:large","max-video-preview":"max-video-preview:-1"},"canonical":"https:\/\/mze-engenharia.com\/en\/atuacao\/","og_locale":"en_US","og_type":"article","og_title":"Atua\u00e7\u00e3o","og_description":"ATUA\u00c7\u00c3O A MZE Engenharia atua na presta\u00e7\u00e3o de servi\u00e7os de engenharia consultiva de excel\u00eancia, com foco em solu\u00e7\u00f5es t\u00e9cnicas e inovadoras para infraestrutura h\u00eddrica e saneamento. Nosso trabalho \u00e9 guiado pelo compromisso di\u00e1rio com a compet\u00eancia, garantindo que cada projeto seja entregue com qualidade, no prazo e dentro dos custos contratados. NOSSAS ESPECIALIDADES Desenvolvemos estudos, [&hellip;]","og_url":"https:\/\/mze-engenharia.com\/en\/atuacao\/","og_site_name":"MZE Engenharia","article_modified_time":"2026-03-06T13:48:45+00:00","og_image":[{"width":595,"height":591,"url":"https:\/\/mze-engenharia.com\/wp-content\/uploads\/2025\/12\/ENGENHEIRA.webp","type":"image\/webp"}],"twitter_card":"summary_large_image","twitter_misc":{"Est. reading time":"3 minutes"},"schema":{"@context":"https:\/\/schema.org","@graph":[{"@type":"WebPage","@id":"https:\/\/mze-engenharia.com\/atuacao\/","url":"https:\/\/mze-engenharia.com\/atuacao\/","name":"Atua\u00e7\u00e3o - MZE Engenharia","isPartOf":{"@id":"https:\/\/mze-engenharia.com\/#website"},"primaryImageOfPage":{"@id":"https:\/\/mze-engenharia.com\/atuacao\/#primaryimage"},"image":{"@id":"https:\/\/mze-engenharia.com\/atuacao\/#primaryimage"},"thumbnailUrl":"https:\/\/mze-engenharia.com\/wp-content\/uploads\/2025\/12\/ENGENHEIRA.webp","datePublished":"2025-12-12T17:49:58+00:00","dateModified":"2026-03-06T13:48:45+00:00","breadcrumb":{"@id":"https:\/\/mze-engenharia.com\/atuacao\/#breadcrumb"},"inLanguage":"en-US","potentialAction":[{"@type":"ReadAction","target":["https:\/\/mze-engenharia.com\/atuacao\/"]}]},{"@type":"ImageObject","inLanguage":"en-US","@id":"https:\/\/mze-engenharia.com\/atuacao\/#primaryimage","url":"https:\/\/mze-engenharia.com\/wp-content\/uploads\/2025\/12\/ENGENHEIRA.webp","contentUrl":"https:\/\/mze-engenharia.com\/wp-content\/uploads\/2025\/12\/ENGENHEIRA.webp"},{"@type":"BreadcrumbList","@id":"https:\/\/mze-engenharia.com\/atuacao\/#breadcrumb","itemListElement":[{"@type":"ListItem","position":1,"name":"In\u00edcio","item":"https:\/\/mze-engenharia.com\/"},{"@type":"ListItem","position":2,"name":"Atua\u00e7\u00e3o"}]},{"@type":"WebSite","@id":"https:\/\/mze-engenharia.com\/#website","url":"https:\/\/mze-engenharia.com\/","name":"MZE Engineering","description":"","publisher":{"@id":"https:\/\/mze-engenharia.com\/#organization"},"potentialAction":[{"@type":"SearchAction","target":{"@type":"EntryPoint","urlTemplate":"https:\/\/mze-engenharia.com\/?s={search_term_string}"},"query-input":{"@type":"PropertyValueSpecification","valueRequired":true,"valueName":"search_term_string"}}],"inLanguage":"en-US"},{"@type":"Organization","@id":"https:\/\/mze-engenharia.com\/#organization","name":"MZE Engineering","url":"https:\/\/mze-engenharia.com\/","logo":{"@type":"ImageObject","inLanguage":"en-US","@id":"https:\/\/mze-engenharia.com\/#\/schema\/logo\/image\/","url":"https:\/\/mze-engenharia.com\/wp-content\/uploads\/2025\/10\/Logotipo-oficial.svg","contentUrl":"https:\/\/mze-engenharia.com\/wp-content\/uploads\/2025\/10\/Logotipo-oficial.svg","width":857,"height":263,"caption":"MZE Engenharia"},"image":{"@id":"https:\/\/mze-engenharia.com\/#\/schema\/logo\/image\/"}}]}},"_hostinger_reach_plugin_has_subscription_block":false,"_hostinger_reach_plugin_is_elementor":false,"_links":{"self":[{"href":"https:\/\/mze-engenharia.com\/en\/wp-json\/wp\/v2\/pages\/1887","targetHints":{"allow":["GET"]}}],"collection":[{"href":"https:\/\/mze-engenharia.com\/en\/wp-json\/wp\/v2\/pages"}],"about":[{"href":"https:\/\/mze-engenharia.com\/en\/wp-json\/wp\/v2\/types\/page"}],"author":[{"embeddable":true,"href":"https:\/\/mze-engenharia.com\/en\/wp-json\/wp\/v2\/users\/1"}],"replies":[{"embeddable":true,"href":"https:\/\/mze-engenharia.com\/en\/wp-json\/wp\/v2\/comments?post=1887"}],"version-history":[{"count":94,"href":"https:\/\/mze-engenharia.com\/en\/wp-json\/wp\/v2\/pages\/1887\/revisions"}],"predecessor-version":[{"id":2779,"href":"https:\/\/mze-engenharia.com\/en\/wp-json\/wp\/v2\/pages\/1887\/revisions\/2779"}],"wp:attachment":[{"href":"https:\/\/mze-engenharia.com\/en\/wp-json\/wp\/v2\/media?parent=1887"}],"curies":[{"name":"wp","href":"https:\/\/api.w.org\/{rel}","templated":true}]}}