{"id":2241,"date":"2025-12-13T14:21:41","date_gmt":"2025-12-13T14:21:41","guid":{"rendered":"https:\/\/mze-engenharia.com\/?page_id=2241"},"modified":"2025-12-14T14:38:30","modified_gmt":"2025-12-14T14:38:30","slug":"noticias","status":"publish","type":"page","link":"https:\/\/mze-engenharia.com\/en\/noticias\/","title":{"rendered":"News"},"content":{"rendered":"<div data-elementor-type=\"wp-page\" data-elementor-id=\"2241\" class=\"elementor elementor-2241\" data-elementor-post-type=\"page\">\n\t\t\t\t<div data-particle_enable=\"false\" data-particle-mobile-disabled=\"false\" class=\"elementor-element elementor-element-a8742c1 e-flex e-con-boxed e-con e-parent\" data-id=\"a8742c1\" data-element_type=\"container\" data-e-type=\"container\" data-settings=\"{&quot;background_background&quot;:&quot;classic&quot;}\">\n\t\t\t\t\t<div class=\"e-con-inner\">\n\t\t\t\t\t<\/div>\n\t\t\t\t<\/div>\n\t\t\t\t\t<script>\n\t\t\t\t(function($) {\n                    \"use strict\";\n\n                    var target = $('.elementor-element-a8742c1');\n                    target.addClass('e-lazyloaded');\n\n                    \n                    var EaelParallaxElement = {\n\n\t\t\t\t\t\tinit: function() {\n\t\t\t\t\t\t\telementorFrontend.hooks.addAction('frontend\/element_ready\/global', EaelParallaxElement.initWidget);\n\t\t\t\t\t\t},\n                        responsiveParallax: function(){\n                            var android = 1,\n                                ios = 1;\n                            switch( true || 1 ){\n                                case android && ios:\n                                    return \/iPad|iPhone|iPod|Android\/;\n                                    break;\n                                case android && ! ios:\n                                    return \/Android\/;\n                                    break;\n                                case ! android && ios:\n                                    return \/iPad|iPhone|iPod\/;\n                                    break;\n                                case ( ! android && ! ios ):\n                                    return null;\n                            }\n                        },\n\t\t\t\t\t\tinitWidget: function( $scope ) {\n\n\t\t\t\t\t\t\ttarget.jarallax({\n\t\t\t\t\t\t\t\ttype: 'scroll',\n\t\t\t\t\t\t\t\tspeed: 0.8,\n\t\t\t\t\t\t\t\tkeepImg: true,\n                                disableParallax: EaelParallaxElement.responsiveParallax(),\n\t\t\t\t\t\t\t});\n\t\t\t\t\t\t}\n\n\t\t\t\t\t};\n\n\t\t\t\t\t$( window ).on('elementor\/frontend\/init', EaelParallaxElement.init);\n\n                    \t\t\t\t}( jQuery ) );\n\t\t\t<\/script>\n\t\t<div data-particle_enable=\"false\" data-particle-mobile-disabled=\"false\" class=\"elementor-element elementor-element-e66f5e4 e-flex e-con-boxed e-con e-parent\" data-id=\"e66f5e4\" data-element_type=\"container\" data-e-type=\"container\">\n\t\t\t\t\t<div class=\"e-con-inner\">\n\t\t\t\t<div class=\"elementor-element elementor-element-876f37b elementor-widget elementor-widget-heading\" data-id=\"876f37b\" data-element_type=\"widget\" data-e-type=\"widget\" data-widget_type=\"heading.default\">\n\t\t\t\t\t<h2 class=\"elementor-heading-title elementor-size-default\">NEWS<\/h2>\t\t\t\t<\/div>\n\t\t\t\t\t<\/div>\n\t\t\t\t<\/div>\n\t\t<div data-particle_enable=\"false\" data-particle-mobile-disabled=\"false\" class=\"elementor-element elementor-element-e62e7a9 e-flex e-con-boxed e-con e-parent\" data-id=\"e62e7a9\" data-element_type=\"container\" data-e-type=\"container\">\n\t\t\t\t\t<div class=\"e-con-inner\">\n\t\t\t\t<div class=\"elementor-element elementor-element-447cd66 srec elementor-widget elementor-widget-eael-post-block\" data-id=\"447cd66\" data-element_type=\"widget\" data-e-type=\"widget\" data-widget_type=\"eael-post-block.default\">\n\t\t\t\t\t<div id=\"eael-post-block-447cd66\" class=\"eael-post-block default post-block-layout-block\">\n            <div class=\"eael-post-block-grid eael-post-appender eael-post-appender-447cd66\"><article class=\"eael-post-block-item eael-post-block-column\">\n    <div class=\"eael-post-block-item-holder\">\n        <div class=\"eael-post-block-item-holder-inner\"><div class=\"eael-entry-media\">\n                    <div class=\"eael-entry-overlay fade-in\"><i class=\"fas fa-long-arrow-alt-right\" aria-hidden=\"true\"><\/i><a href=\"https:\/\/mze-engenharia.com\/en\/mzeengcobagroup\/\"\n                    \n                    >\n                    <\/a>\n                    <\/div>\n                    <div class=\"eael-entry-thumbnail eael-image-ratio\">\n                        <img decoding=\"async\" src=\"https:\/\/mze-engenharia.com\/wp-content\/uploads\/2025\/11\/Foto-da-parceria-mze-e-coba-group-e1764335840133-768x755.webp\" alt=\"\">\n                    <\/div>\n                <\/div><div class=\"eael-entry-wrapper\"><header class=\"eael-entry-header\"><h2 class=\"eael-entry-title\">\n                                    <a class=\"eael-grid-post-link\" href=\"https:\/\/mze-engenharia.com\/en\/mzeengcobagroup\/\" title=\"MZE Engenharia establishes a strategic partnership with COBA Group and strengthens its operations in the water and energy sectors.\">\n                                    MZE Engenharia establishes a strategic partnership with COBA Group and strengthens its operations in the water and energy sectors.\n                                    <\/a>\n\n                                <\/h2><\/header><div class=\"eael-entry-content\"><div class=\"eael-grid-post-excerpt\"><p>MZE Engenharia announces a new and important stage in its trajectory with the formalization of a strategic partnership with COBA Group \u2013 Engineering and Environmental Consultants, a global consulting engineering firm and a reference...<\/p><a \n                                    href=\"https:\/\/mze-engenharia.com\/en\/mzeengcobagroup\/\" \n                                    class=\"eael-post-elements-readmore-btn\"\n                                    \n                                    >\n                                    read more<\/a><\/div><\/div>\n                <\/div><div class=\"eael-entry-footer\"><div class=\"eael-entry-meta\"><\/div><\/div><\/div>\n    <\/div>\n<\/article><\/div>\n\t\t<\/div>\t\t\t\t<\/div>\n\t\t\t\t\t<\/div>\n\t\t\t\t<\/div>\n\t\t\t\t<\/div>","protected":false},"excerpt":{"rendered":"<p>NOT\u00cdCIAS MZE Engenharia firma parceria estrat\u00e9gica com a COBA Group e fortalece atua\u00e7\u00e3o em \u00e1gua e energia A MZE Engenharia anuncia uma nova e importante etapa de sua trajet\u00f3ria com a formaliza\u00e7\u00e3o da parceria estrat\u00e9gica com a COBA Group \u2013 Consultores de Engenharia e Ambiente, empresa global de engenharia consultiva e refer\u00eancia&#8230; Leia mais Teste [&hellip;]<\/p>\n","protected":false},"author":1,"featured_media":0,"parent":0,"menu_order":0,"comment_status":"closed","ping_status":"closed","template":"","meta":{"footnotes":""},"class_list":["post-2241","page","type-page","status-publish","hentry"],"yoast_head":"<!-- This site is optimized with the Yoast SEO Premium plugin v26.1 (Yoast SEO v26.1.1) - https:\/\/yoast.com\/wordpress\/plugins\/seo\/ -->\n<title>Not\u00edcias - MZE Engenharia<\/title>\n<meta name=\"robots\" content=\"index, follow, max-snippet:-1, max-image-preview:large, max-video-preview:-1\" \/>\n<link rel=\"canonical\" href=\"https:\/\/mze-engenharia.com\/en\/noticias\/\" \/>\n<meta property=\"og:locale\" content=\"en_US\" \/>\n<meta property=\"og:type\" content=\"article\" \/>\n<meta property=\"og:title\" content=\"Not\u00edcias\" \/>\n<meta property=\"og:description\" content=\"NOT\u00cdCIAS MZE Engenharia firma parceria estrat\u00e9gica com a COBA Group e fortalece atua\u00e7\u00e3o em \u00e1gua e energia A MZE Engenharia anuncia uma nova e importante etapa de sua trajet\u00f3ria com a formaliza\u00e7\u00e3o da parceria estrat\u00e9gica com a COBA Group \u2013 Consultores de Engenharia e Ambiente, empresa global de engenharia consultiva e refer\u00eancia&#8230; Leia mais Teste [&hellip;]\" \/>\n<meta property=\"og:url\" content=\"https:\/\/mze-engenharia.com\/en\/noticias\/\" \/>\n<meta property=\"og:site_name\" content=\"MZE Engenharia\" \/>\n<meta property=\"article:modified_time\" content=\"2025-12-14T14:38:30+00:00\" \/>\n<meta property=\"og:image\" content=\"https:\/\/mze-engenharia.com\/wp-content\/uploads\/2025\/11\/Foto-da-parceria-mze-e-coba-group-e1764335840133-768x755.webp\" \/>\n<meta name=\"twitter:card\" content=\"summary_large_image\" \/>\n<meta name=\"twitter:label1\" content=\"Est. reading time\" \/>\n\t<meta name=\"twitter:data1\" content=\"1 minute\" \/>\n<script type=\"application\/ld+json\" class=\"yoast-schema-graph\">{\"@context\":\"https:\/\/schema.org\",\"@graph\":[{\"@type\":\"WebPage\",\"@id\":\"https:\/\/mze-engenharia.com\/noticias\/\",\"url\":\"https:\/\/mze-engenharia.com\/noticias\/\",\"name\":\"Not\u00edcias - MZE Engenharia\",\"isPartOf\":{\"@id\":\"https:\/\/mze-engenharia.com\/#website\"},\"primaryImageOfPage\":{\"@id\":\"https:\/\/mze-engenharia.com\/noticias\/#primaryimage\"},\"image\":{\"@id\":\"https:\/\/mze-engenharia.com\/noticias\/#primaryimage\"},\"thumbnailUrl\":\"https:\/\/mze-engenharia.com\/wp-content\/uploads\/2025\/11\/Foto-da-parceria-mze-e-coba-group-e1764335840133-768x755.webp\",\"datePublished\":\"2025-12-13T14:21:41+00:00\",\"dateModified\":\"2025-12-14T14:38:30+00:00\",\"breadcrumb\":{\"@id\":\"https:\/\/mze-engenharia.com\/noticias\/#breadcrumb\"},\"inLanguage\":\"en-US\",\"potentialAction\":[{\"@type\":\"ReadAction\",\"target\":[\"https:\/\/mze-engenharia.com\/noticias\/\"]}]},{\"@type\":\"ImageObject\",\"inLanguage\":\"en-US\",\"@id\":\"https:\/\/mze-engenharia.com\/noticias\/#primaryimage\",\"url\":\"https:\/\/mze-engenharia.com\/wp-content\/uploads\/2025\/11\/Foto-da-parceria-mze-e-coba-group-e1764335840133-768x755.webp\",\"contentUrl\":\"https:\/\/mze-engenharia.com\/wp-content\/uploads\/2025\/11\/Foto-da-parceria-mze-e-coba-group-e1764335840133-768x755.webp\"},{\"@type\":\"BreadcrumbList\",\"@id\":\"https:\/\/mze-engenharia.com\/noticias\/#breadcrumb\",\"itemListElement\":[{\"@type\":\"ListItem\",\"position\":1,\"name\":\"In\u00edcio\",\"item\":\"https:\/\/mze-engenharia.com\/\"},{\"@type\":\"ListItem\",\"position\":2,\"name\":\"Not\u00edcias\"}]},{\"@type\":\"WebSite\",\"@id\":\"https:\/\/mze-engenharia.com\/#website\",\"url\":\"https:\/\/mze-engenharia.com\/\",\"name\":\"MZE Engenharia\",\"description\":\"\",\"publisher\":{\"@id\":\"https:\/\/mze-engenharia.com\/#organization\"},\"potentialAction\":[{\"@type\":\"SearchAction\",\"target\":{\"@type\":\"EntryPoint\",\"urlTemplate\":\"https:\/\/mze-engenharia.com\/?s={search_term_string}\"},\"query-input\":{\"@type\":\"PropertyValueSpecification\",\"valueRequired\":true,\"valueName\":\"search_term_string\"}}],\"inLanguage\":\"en-US\"},{\"@type\":\"Organization\",\"@id\":\"https:\/\/mze-engenharia.com\/#organization\",\"name\":\"MZE Engenharia\",\"url\":\"https:\/\/mze-engenharia.com\/\",\"logo\":{\"@type\":\"ImageObject\",\"inLanguage\":\"en-US\",\"@id\":\"https:\/\/mze-engenharia.com\/#\/schema\/logo\/image\/\",\"url\":\"https:\/\/mze-engenharia.com\/wp-content\/uploads\/2025\/10\/Logotipo-oficial.svg\",\"contentUrl\":\"https:\/\/mze-engenharia.com\/wp-content\/uploads\/2025\/10\/Logotipo-oficial.svg\",\"width\":857,\"height\":263,\"caption\":\"MZE Engenharia\"},\"image\":{\"@id\":\"https:\/\/mze-engenharia.com\/#\/schema\/logo\/image\/\"}}]}<\/script>\n<!-- \/ Yoast SEO Premium plugin. -->","yoast_head_json":{"title":"Not\u00edcias - MZE Engenharia","robots":{"index":"index","follow":"follow","max-snippet":"max-snippet:-1","max-image-preview":"max-image-preview:large","max-video-preview":"max-video-preview:-1"},"canonical":"https:\/\/mze-engenharia.com\/en\/noticias\/","og_locale":"en_US","og_type":"article","og_title":"Not\u00edcias","og_description":"NOT\u00cdCIAS MZE Engenharia firma parceria estrat\u00e9gica com a COBA Group e fortalece atua\u00e7\u00e3o em \u00e1gua e energia A MZE Engenharia anuncia uma nova e importante etapa de sua trajet\u00f3ria com a formaliza\u00e7\u00e3o da parceria estrat\u00e9gica com a COBA Group \u2013 Consultores de Engenharia e Ambiente, empresa global de engenharia consultiva e refer\u00eancia&#8230; Leia mais Teste [&hellip;]","og_url":"https:\/\/mze-engenharia.com\/en\/noticias\/","og_site_name":"MZE Engenharia","article_modified_time":"2025-12-14T14:38:30+00:00","og_image":[{"url":"https:\/\/mze-engenharia.com\/wp-content\/uploads\/2025\/11\/Foto-da-parceria-mze-e-coba-group-e1764335840133-768x755.webp","type":"","width":"","height":""}],"twitter_card":"summary_large_image","twitter_misc":{"Est. reading time":"1 minute"},"schema":{"@context":"https:\/\/schema.org","@graph":[{"@type":"WebPage","@id":"https:\/\/mze-engenharia.com\/noticias\/","url":"https:\/\/mze-engenharia.com\/noticias\/","name":"Not\u00edcias - MZE Engenharia","isPartOf":{"@id":"https:\/\/mze-engenharia.com\/#website"},"primaryImageOfPage":{"@id":"https:\/\/mze-engenharia.com\/noticias\/#primaryimage"},"image":{"@id":"https:\/\/mze-engenharia.com\/noticias\/#primaryimage"},"thumbnailUrl":"https:\/\/mze-engenharia.com\/wp-content\/uploads\/2025\/11\/Foto-da-parceria-mze-e-coba-group-e1764335840133-768x755.webp","datePublished":"2025-12-13T14:21:41+00:00","dateModified":"2025-12-14T14:38:30+00:00","breadcrumb":{"@id":"https:\/\/mze-engenharia.com\/noticias\/#breadcrumb"},"inLanguage":"en-US","potentialAction":[{"@type":"ReadAction","target":["https:\/\/mze-engenharia.com\/noticias\/"]}]},{"@type":"ImageObject","inLanguage":"en-US","@id":"https:\/\/mze-engenharia.com\/noticias\/#primaryimage","url":"https:\/\/mze-engenharia.com\/wp-content\/uploads\/2025\/11\/Foto-da-parceria-mze-e-coba-group-e1764335840133-768x755.webp","contentUrl":"https:\/\/mze-engenharia.com\/wp-content\/uploads\/2025\/11\/Foto-da-parceria-mze-e-coba-group-e1764335840133-768x755.webp"},{"@type":"BreadcrumbList","@id":"https:\/\/mze-engenharia.com\/noticias\/#breadcrumb","itemListElement":[{"@type":"ListItem","position":1,"name":"In\u00edcio","item":"https:\/\/mze-engenharia.com\/"},{"@type":"ListItem","position":2,"name":"Not\u00edcias"}]},{"@type":"WebSite","@id":"https:\/\/mze-engenharia.com\/#website","url":"https:\/\/mze-engenharia.com\/","name":"MZE Engineering","description":"","publisher":{"@id":"https:\/\/mze-engenharia.com\/#organization"},"potentialAction":[{"@type":"SearchAction","target":{"@type":"EntryPoint","urlTemplate":"https:\/\/mze-engenharia.com\/?s={search_term_string}"},"query-input":{"@type":"PropertyValueSpecification","valueRequired":true,"valueName":"search_term_string"}}],"inLanguage":"en-US"},{"@type":"Organization","@id":"https:\/\/mze-engenharia.com\/#organization","name":"MZE Engineering","url":"https:\/\/mze-engenharia.com\/","logo":{"@type":"ImageObject","inLanguage":"en-US","@id":"https:\/\/mze-engenharia.com\/#\/schema\/logo\/image\/","url":"https:\/\/mze-engenharia.com\/wp-content\/uploads\/2025\/10\/Logotipo-oficial.svg","contentUrl":"https:\/\/mze-engenharia.com\/wp-content\/uploads\/2025\/10\/Logotipo-oficial.svg","width":857,"height":263,"caption":"MZE Engenharia"},"image":{"@id":"https:\/\/mze-engenharia.com\/#\/schema\/logo\/image\/"}}]}},"_hostinger_reach_plugin_has_subscription_block":false,"_hostinger_reach_plugin_is_elementor":false,"_links":{"self":[{"href":"https:\/\/mze-engenharia.com\/en\/wp-json\/wp\/v2\/pages\/2241","targetHints":{"allow":["GET"]}}],"collection":[{"href":"https:\/\/mze-engenharia.com\/en\/wp-json\/wp\/v2\/pages"}],"about":[{"href":"https:\/\/mze-engenharia.com\/en\/wp-json\/wp\/v2\/types\/page"}],"author":[{"embeddable":true,"href":"https:\/\/mze-engenharia.com\/en\/wp-json\/wp\/v2\/users\/1"}],"replies":[{"embeddable":true,"href":"https:\/\/mze-engenharia.com\/en\/wp-json\/wp\/v2\/comments?post=2241"}],"version-history":[{"count":28,"href":"https:\/\/mze-engenharia.com\/en\/wp-json\/wp\/v2\/pages\/2241\/revisions"}],"predecessor-version":[{"id":2682,"href":"https:\/\/mze-engenharia.com\/en\/wp-json\/wp\/v2\/pages\/2241\/revisions\/2682"}],"wp:attachment":[{"href":"https:\/\/mze-engenharia.com\/en\/wp-json\/wp\/v2\/media?parent=2241"}],"curies":[{"name":"wp","href":"https:\/\/api.w.org\/{rel}","templated":true}]}}